{"id":1083,"date":"2021-05-02T07:44:20","date_gmt":"2021-05-02T05:44:20","guid":{"rendered":"https:\/\/www.noyale-creations.com\/?post_type=product&#038;p=1083"},"modified":"2022-02-20T19:54:38","modified_gmt":"2022-02-20T18:54:38","slug":"ensemble-de-toilette-maman","status":"publish","type":"product","link":"https:\/\/www.noyale-creations.com\/index.php\/produit\/ensemble-de-toilette-maman\/","title":{"rendered":"Ensembles de toilette maman"},"content":{"rendered":"<h5><a href=\"https:\/\/www.etsy.com\/fr\/listing\/1011729607\/ensemble-de-toilette-maman?ref=shop_home_active_1\">Ajouter au panier<\/a><\/h5>\n<p>L&rsquo;ensemble parfait pour la f\u00eate des m\u00e8res !<\/p>\n<p>Compos\u00e9 de notre embl\u00e9matique bourse carr\u00e9s d\u00e9maquillants, notre \u00e9tui \u00e0 savon et en avant-premi\u00e8re notre nouvelle cr\u00e9ation : la trousse de toilette.<\/p>\n<p>Utile, joli et durable !<\/p>\n<p>La trousse de toilette accueille les produits de la salle de bain que ce soit \u00e0 la maison ou en d\u00e9placement.<\/p>\n<p>Quand les bords sont retourn\u00e9s, c&rsquo;est un panier accueillant les flacons et autres produits. Les petites affaires ne se perdent pas et ont leur place dans l&rsquo;une des 4 poches plaqu\u00e9es sur le pourtour.<\/p>\n<p>En d\u00e9placement, plus de risque d&rsquo;oublier quelque chose : d\u00e9roulez les bords, resserrez le cordon et glissez la trousse directement dans la valise.<\/p>\n<p>La bourse, compagne z\u00e9ro-d\u00e9chet de la salle de bain, est tout aussi facile \u00e0 utiliser et \u00e0 emporter en voyage.<\/p>\n<p>Vous pouvez l&rsquo;utiliser comme un distributeur de cotons.<br \/>\nElle se rempli de carr\u00e9s d\u00e9maquillants par le haut, le cordon permet de la fermer et de la suspendre \u00e0 un crochet.<br \/>\nLa distribution des carr\u00e9s se fait alors par le bas, gr\u00e2ce \u00e0 l&rsquo;ouverture resserr\u00e9e par un \u00e9lastique.<\/p>\n<p>Les 10 lingettes sont en Tencel, un tissu tr\u00e8s doux, fabriqu\u00e9 \u00e0 partir de pulpe d&rsquo;eucalyptus. Son proc\u00e9d\u00e9 de fabrication innovant en fait un produit tr\u00e8s respectueux de l&rsquo;environnement.<\/p>\n<p>L&rsquo;\u00e9tui \u00e0 savon peut contenir un savon de 150 gr environ ou un shampoing solide.<\/p>\n<p>Il est compos\u00e9 d&rsquo;un tissu imprim\u00e9 et doubl\u00e9 d&rsquo;une double gaze de coton. Un petit cordon vient enlacer l&rsquo;\u00e9tui pour le fermer \u00e0 l&rsquo;aide d&rsquo;une perle de bois.<\/p>\n<p>La double gaze de coton absorbe l&rsquo;humidit\u00e9 du savon tandis que le coton non-enduit permet au savon de respirer et de s\u00e9cher en \u00e9vitant tout composant plastique.<\/p>\n<p>Petit + : vous pouvez  d\u00e9tourner notre \u00e9tui pour y mettre tout autre chose comme des mouchoirs en tissu, quelques carr\u00e9s d\u00e9maquillants ou encore votre carte d&rsquo;identit\u00e9.<\/p>\n<p>La f\u00eate des m\u00e8res : l&rsquo;occasion parfaite pour offrir notre ensemble de toilette, utile, joli et durable !<\/p>\n<p>Et qui dit maman, dit b\u00e9b\u00e9 ! Retrouvez nos ensembles naissance sur la boutique !<\/p>\n<p>Mat\u00e9riaux :<br \/>\nTrousse de toilette :<br \/>\nTissu imprim\u00e9 : coton certifi\u00e9 Oekotex 100<br \/>\nTissu uni : percale de coton<br \/>\nCordon : coton<br \/>\nPerle en bois de h\u00eatre<br \/>\nLavable \u00e0 30\u00b0, pas de s\u00e8che-linge<br \/>\nDimensions de la trousse (d x h) :<br \/>\n15\/16 cm x 18 cm<\/p>\n<p>Bourse :<br \/>\nTissu imprim\u00e9 : coton certifi\u00e9 Oekotex 100<br \/>\nTissu uni : lin naturel<br \/>\nCordon : chanvre<br \/>\nPerle en bois de h\u00eatre<br \/>\n\u00c9lastique<br \/>\nLavable \u00e0 30\u00b0, pas de s\u00e8che-linge.<br \/>\nDimensions de la bourse (d x h) : 10 cm x 17 cm env.<\/p>\n<p>Carr\u00e9s d\u00e9maquillants :<br \/>\n10 carr\u00e9s d\u00e9maquillants en Tencel d&rsquo;eucalyptus certifi\u00e9 Oekotex 100<br \/>\nLavable \u00e0 30\u00b0, pas de s\u00e8che-linge.<br \/>\nDimensions des lingettes (L x l) :<br \/>\n8 cm x 8 cm env.<\/p>\n<p>Etui \u00e0 savon :<br \/>\ntissu imprim\u00e9 en coton certifi\u00e9 Oekotex 100<br \/>\ndouble gaze de coton certifi\u00e9 Oekotex 100<br \/>\ncordon en chanvre<br \/>\nperle en bois de h\u00eatre<br \/>\nLavable \u00e0 30\u00b0, pas de s\u00e8che-linge.<br \/>\nDimensions de l&rsquo;\u00e9tui ferm\u00e9 (L x l) :<br \/>\n13 cm x 8 cm<\/p>\n<p>Fabriqu\u00e9 \u00e0 la main en France.<\/p>\n","protected":false},"excerpt":{"rendered":"<p>L&rsquo;ensemble parfait pour les mamans !<\/p>\n<h5><a href=\"https:\/\/www.etsy.com\/fr\/listing\/1011729607\/ensemble-de-toilette-maman?ref=shop_home_active_1\">Ajouter au panier<\/a><\/h5>\n","protected":false},"featured_media":1096,"comment_status":"closed","ping_status":"closed","template":"","meta":[],"product_cat":[261,51],"product_tag":[199,55,54,58,56,57],"yoast_head":"<!-- This site is optimized with the Yoast SEO plugin v21.6 - https:\/\/yoast.com\/wordpress\/plugins\/seo\/ -->\n<title>Ensembles de toilette maman - Noyale-Cr\u00e9ations : Cr\u00e9ations textiles utiles, jolies et durables pour toute la famille et la maison<\/title>\n<meta name=\"robots\" content=\"index, follow, max-snippet:-1, max-image-preview:large, max-video-preview:-1\" \/>\n<link rel=\"canonical\" href=\"https:\/\/www.noyale-creations.com\/index.php\/produit\/ensemble-de-toilette-maman\/\" \/>\n<meta property=\"og:locale\" content=\"fr_FR\" \/>\n<meta property=\"og:type\" content=\"article\" \/>\n<meta property=\"og:title\" content=\"Ensembles de toilette maman - Noyale-Cr\u00e9ations : Cr\u00e9ations textiles utiles, jolies et durables pour toute la famille et la maison\" \/>\n<meta property=\"og:description\" content=\"L&#039;ensemble parfait pour les mamans ! Ajouter au panier\" \/>\n<meta property=\"og:url\" content=\"https:\/\/www.noyale-creations.com\/index.php\/produit\/ensemble-de-toilette-maman\/\" \/>\n<meta property=\"og:site_name\" content=\"Noyale-Cr\u00e9ations : Cr\u00e9ations textiles utiles, jolies et durables pour toute la famille et la maison\" \/>\n<meta property=\"article:modified_time\" content=\"2022-02-20T18:54:38+00:00\" \/>\n<meta property=\"og:image\" content=\"https:\/\/www.noyale-creations.com\/wp-content\/uploads\/2021\/05\/EM004_01.jpg\" \/>\n\t<meta property=\"og:image:width\" content=\"1600\" \/>\n\t<meta property=\"og:image:height\" content=\"1600\" \/>\n\t<meta property=\"og:image:type\" content=\"image\/jpeg\" \/>\n<meta name=\"twitter:card\" content=\"summary_large_image\" \/>\n<meta name=\"twitter:label1\" content=\"Dur\u00e9e de lecture estim\u00e9e\" \/>\n\t<meta name=\"twitter:data1\" content=\"2 minutes\" \/>\n<script type=\"application\/ld+json\" class=\"yoast-schema-graph\">{\"@context\":\"https:\/\/schema.org\",\"@graph\":[{\"@type\":\"WebPage\",\"@id\":\"https:\/\/www.noyale-creations.com\/index.php\/produit\/ensemble-de-toilette-maman\/\",\"url\":\"https:\/\/www.noyale-creations.com\/index.php\/produit\/ensemble-de-toilette-maman\/\",\"name\":\"Ensembles de toilette maman - Noyale-Cr\u00e9ations : Cr\u00e9ations textiles utiles, jolies et durables pour toute la famille et la maison\",\"isPartOf\":{\"@id\":\"https:\/\/www.noyale-creations.com\/#website\"},\"datePublished\":\"2021-05-02T05:44:20+00:00\",\"dateModified\":\"2022-02-20T18:54:38+00:00\",\"breadcrumb\":{\"@id\":\"https:\/\/www.noyale-creations.com\/index.php\/produit\/ensemble-de-toilette-maman\/#breadcrumb\"},\"inLanguage\":\"fr-FR\",\"potentialAction\":[{\"@type\":\"ReadAction\",\"target\":[\"https:\/\/www.noyale-creations.com\/index.php\/produit\/ensemble-de-toilette-maman\/\"]}]},{\"@type\":\"BreadcrumbList\",\"@id\":\"https:\/\/www.noyale-creations.com\/index.php\/produit\/ensemble-de-toilette-maman\/#breadcrumb\",\"itemListElement\":[{\"@type\":\"ListItem\",\"position\":1,\"name\":\"Accueil\",\"item\":\"https:\/\/www.noyale-creations.com\/\"},{\"@type\":\"ListItem\",\"position\":2,\"name\":\"Boutique\",\"item\":\"https:\/\/www.noyale-creations.com\/index.php\/boutique\/\"},{\"@type\":\"ListItem\",\"position\":3,\"name\":\"Ensembles de toilette maman\"}]},{\"@type\":\"WebSite\",\"@id\":\"https:\/\/www.noyale-creations.com\/#website\",\"url\":\"https:\/\/www.noyale-creations.com\/\",\"name\":\"Noyale-Cr\u00e9ations : Cr\u00e9ations textiles utiles, jolies et durables pour toute la famille et la maison\",\"description\":\"Cr\u00e9ations textiles utiles, jolies et durables pour toute la famille et la maison.\",\"potentialAction\":[{\"@type\":\"SearchAction\",\"target\":{\"@type\":\"EntryPoint\",\"urlTemplate\":\"https:\/\/www.noyale-creations.com\/?s={search_term_string}\"},\"query-input\":\"required name=search_term_string\"}],\"inLanguage\":\"fr-FR\"}]}<\/script>\n<!-- \/ Yoast SEO plugin. -->","yoast_head_json":{"title":"Ensembles de toilette maman - Noyale-Cr\u00e9ations : Cr\u00e9ations textiles utiles, jolies et durables pour toute la famille et la maison","robots":{"index":"index","follow":"follow","max-snippet":"max-snippet:-1","max-image-preview":"max-image-preview:large","max-video-preview":"max-video-preview:-1"},"canonical":"https:\/\/www.noyale-creations.com\/index.php\/produit\/ensemble-de-toilette-maman\/","og_locale":"fr_FR","og_type":"article","og_title":"Ensembles de toilette maman - Noyale-Cr\u00e9ations : Cr\u00e9ations textiles utiles, jolies et durables pour toute la famille et la maison","og_description":"L'ensemble parfait pour les mamans ! Ajouter au panier","og_url":"https:\/\/www.noyale-creations.com\/index.php\/produit\/ensemble-de-toilette-maman\/","og_site_name":"Noyale-Cr\u00e9ations : Cr\u00e9ations textiles utiles, jolies et durables pour toute la famille et la maison","article_modified_time":"2022-02-20T18:54:38+00:00","og_image":[{"width":1600,"height":1600,"url":"https:\/\/www.noyale-creations.com\/wp-content\/uploads\/2021\/05\/EM004_01.jpg","type":"image\/jpeg"}],"twitter_card":"summary_large_image","twitter_misc":{"Dur\u00e9e de lecture estim\u00e9e":"2 minutes"},"schema":{"@context":"https:\/\/schema.org","@graph":[{"@type":"WebPage","@id":"https:\/\/www.noyale-creations.com\/index.php\/produit\/ensemble-de-toilette-maman\/","url":"https:\/\/www.noyale-creations.com\/index.php\/produit\/ensemble-de-toilette-maman\/","name":"Ensembles de toilette maman - Noyale-Cr\u00e9ations : Cr\u00e9ations textiles utiles, jolies et durables pour toute la famille et la maison","isPartOf":{"@id":"https:\/\/www.noyale-creations.com\/#website"},"datePublished":"2021-05-02T05:44:20+00:00","dateModified":"2022-02-20T18:54:38+00:00","breadcrumb":{"@id":"https:\/\/www.noyale-creations.com\/index.php\/produit\/ensemble-de-toilette-maman\/#breadcrumb"},"inLanguage":"fr-FR","potentialAction":[{"@type":"ReadAction","target":["https:\/\/www.noyale-creations.com\/index.php\/produit\/ensemble-de-toilette-maman\/"]}]},{"@type":"BreadcrumbList","@id":"https:\/\/www.noyale-creations.com\/index.php\/produit\/ensemble-de-toilette-maman\/#breadcrumb","itemListElement":[{"@type":"ListItem","position":1,"name":"Accueil","item":"https:\/\/www.noyale-creations.com\/"},{"@type":"ListItem","position":2,"name":"Boutique","item":"https:\/\/www.noyale-creations.com\/index.php\/boutique\/"},{"@type":"ListItem","position":3,"name":"Ensembles de toilette maman"}]},{"@type":"WebSite","@id":"https:\/\/www.noyale-creations.com\/#website","url":"https:\/\/www.noyale-creations.com\/","name":"Noyale-Cr\u00e9ations : Cr\u00e9ations textiles utiles, jolies et durables pour toute la famille et la maison","description":"Cr\u00e9ations textiles utiles, jolies et durables pour toute la famille et la maison.","potentialAction":[{"@type":"SearchAction","target":{"@type":"EntryPoint","urlTemplate":"https:\/\/www.noyale-creations.com\/?s={search_term_string}"},"query-input":"required name=search_term_string"}],"inLanguage":"fr-FR"}]}},"jetpack_sharing_enabled":true,"_links":{"self":[{"href":"https:\/\/www.noyale-creations.com\/index.php\/wp-json\/wp\/v2\/product\/1083"}],"collection":[{"href":"https:\/\/www.noyale-creations.com\/index.php\/wp-json\/wp\/v2\/product"}],"about":[{"href":"https:\/\/www.noyale-creations.com\/index.php\/wp-json\/wp\/v2\/types\/product"}],"replies":[{"embeddable":true,"href":"https:\/\/www.noyale-creations.com\/index.php\/wp-json\/wp\/v2\/comments?post=1083"}],"wp:featuredmedia":[{"embeddable":true,"href":"https:\/\/www.noyale-creations.com\/index.php\/wp-json\/wp\/v2\/media\/1096"}],"wp:attachment":[{"href":"https:\/\/www.noyale-creations.com\/index.php\/wp-json\/wp\/v2\/media?parent=1083"}],"wp:term":[{"taxonomy":"product_cat","embeddable":true,"href":"https:\/\/www.noyale-creations.com\/index.php\/wp-json\/wp\/v2\/product_cat?post=1083"},{"taxonomy":"product_tag","embeddable":true,"href":"https:\/\/www.noyale-creations.com\/index.php\/wp-json\/wp\/v2\/product_tag?post=1083"}],"curies":[{"name":"wp","href":"https:\/\/api.w.org\/{rel}","templated":true}]}}