{"id":1150,"date":"2021-05-02T21:39:03","date_gmt":"2021-05-02T19:39:03","guid":{"rendered":"https:\/\/www.noyale-creations.com\/?post_type=product&#038;p=1150"},"modified":"2022-02-20T18:58:03","modified_gmt":"2022-02-20T17:58:03","slug":"ensemble-naissance-3","status":"publish","type":"product","link":"https:\/\/www.noyale-creations.com\/index.php\/produit\/ensemble-naissance-3\/","title":{"rendered":"Ensembles naissance"},"content":{"rendered":"<h5><a href=\"https:\/\/www.etsy.com\/fr\/listing\/1012153519\/ensemble-naissance?ref=shop_home_active_1\">Ajouter au panier<\/a><\/h5>\n<p>Le cadeau id\u00e9al pour souhaiter la bienvenue \u00e0 B\u00e9b\u00e9.<\/p>\n<p>Compos\u00e9 de notre panier \u00e0 lingettes b\u00e9b\u00e9, du hochet lapin, de notre \u00e9tui \u00e0 savon et en avant-premi\u00e8re notre nouvelle cr\u00e9ation : la trousse de toilette.<\/p>\n<p>Le cadeau utile, joli et durable !<\/p>\n<p>La trousse de toilette accueille les produits n\u00e9cessaires \u00e0 B\u00e9b\u00e9 que ce soit \u00e0 la maison ou en sortie.<\/p>\n<p>Quand les bords sont retourn\u00e9s, c&rsquo;est un panier pos\u00e9 pr\u00e8s du plan \u00e0 langer accueillant les flacons et autres produits. Les petites affaires ne se perdent pas et ont leur place dans l&rsquo;une des 4 poches plaqu\u00e9es sur le pourtour.<\/p>\n<p>En d\u00e9placement, plus de risque d&rsquo;oublier quelque chose : d\u00e9roulez les bords, resserrez le cordon et glissez la trousse directement dans le sac \u00e0 langer.<\/p>\n<p>Le <a href=\"https:\/\/www.noyale-creations.com\/index.php\/produit\/panier-et-lingettes-bebe-7\/\">panier \u00e0 lingettes<\/a> est enti\u00e8rement r\u00e9versible, un c\u00f4t\u00e9 imprim\u00e9 et un c\u00f4t\u00e9 uni.<\/p>\n<p>Il contient 8 lingettes pour les soins quotidiens de B\u00e9b\u00e9  :<br \/>\nune face en micro fibre de bambou, tr\u00e8s absorbante<br \/>\nl&rsquo;autre face en double gaze de coton tr\u00e8s douce<\/p>\n<p>Le <a href=\"https:\/\/www.noyale-creations.com\/index.php\/produit\/hochets-lapin-motifs-animaux\/\">hochet lapin<\/a> est le compagnon id\u00e9al de B\u00e9b\u00e9 quand il arrive \u00e0 l&rsquo;\u00e2ge o\u00f9 il aime tout mettre \u00e0 la bouche. Il va m\u00e2chouiller \u00e0 loisir les oreilles en tissu et ses gencives seront apais\u00e9es par l&rsquo;anneau en bois.<\/p>\n<p>B\u00e9b\u00e9 l&rsquo;adore car il est tr\u00e8s l\u00e9ger et facile \u00e0 manier pour ses petites mains.<br \/>\nLes parents l&rsquo;aime car son lavage est tr\u00e8s simple. On d\u00e9fait le n\u0153ud et on passe le tissu \u00e0 la machine \u00e0 laver.<br \/>\nAussit\u00f4t sec, on reforme le n\u0153ud et B\u00e9b\u00e9 retrouve son hochet ador\u00e9.<\/p>\n<p>L&rsquo;\u00e9tui \u00e0 savon peut contenir un savon de 150 gr environ. Mais il peut aussi bien accueillir une ou deux t\u00e9tine de rechange, l&rsquo;anneau de dentition, quelques m\u00e9dicaments ou encore un petit jouet.<\/p>\n<p>Il est compos\u00e9 d&rsquo;un tissu imprim\u00e9 et doubl\u00e9 d&rsquo;une double gaze de coton. Un petit cordon vient enlacer l&rsquo;\u00e9tui pour le fermer \u00e0 l&rsquo;aide d&rsquo;une perle de bois.<\/p>\n<p>La double gaze de coton absorbe l&rsquo;humidit\u00e9 du savon tandis que le coton non-enduit permet au savon de respirer et de s\u00e9cher en \u00e9vitant tout composant plastique.<\/p>\n<p>A la fois utile et joli, dans des mat\u00e9riaux durables, il est l&rsquo;ensemble indispensable pour les nouveaux parents !<\/p>\n<p>Mat\u00e9riaux :<br \/>\nTrousse de toilette :<br \/>\nTissu imprim\u00e9 : coton certifi\u00e9 Oekotex 100<br \/>\nTissu uni : percale de coton<br \/>\nCordon : coton<br \/>\nPerle en bois de h\u00eatre<br \/>\nLavable \u00e0 30\u00b0, pas de s\u00e8che-linge<br \/>\nDimensions de la trousse (d x h) :<br \/>\n15\/16 cm x 18 cm<\/p>\n<p>Panier lingettes b\u00e9b\u00e9 :<br \/>\nTissu imprim\u00e9 : coton certifi\u00e9 Oekotex 100<br \/>\nTissu uni : coton blanc upcycl\u00e9.<br \/>\n8 Lingettes 1 face en micro fibres de bambou tr\u00e8s absorbant et 1 face en double gaze de coton tr\u00e8s douce.<br \/>\nLavable \u00e0 30\u00b0, pas de s\u00e8che-linge.<br \/>\nDimensions du panier (L x l x h) : 10 cm x 10 cm x 15 cm (avant ourlet).<br \/>\nDimensions des lingettes (L x l) : 10 cm x 12 cm.<\/p>\n<p>Hochet lapin :<br \/>\nTissu lavable \u00e0 30\u00b0,s\u00e8che-linge cycle d\u00e9licat<br \/>\nTissu imprim\u00e9 : coton certifi\u00e9 Oekotex 100<br \/>\nTissu uni : Double gaze de coton certifi\u00e9e Oekotex 100<br \/>\nAnneau en bois naturel de h\u00eatre brut, de 70mm test\u00e9 conforme CE d\u00e8s la naissance pour anneau de dentition.<br \/>\nBois de h\u00eatre Europ\u00e9en, issu de for\u00eats PEFC et FSC, selon la norme EN71-1, EN71-3.<\/p>\n<p>Etui \u00e0 savon :<br \/>\ntissu imprim\u00e9 en coton certifi\u00e9 Oekotex 100<br \/>\ndouble gaze de coton certifi\u00e9 Oekotex 100<br \/>\ncordon en chanvre<br \/>\nperle en bois de h\u00eatre<br \/>\nLavable \u00e0 30\u00b0, pas de s\u00e8che-linge.<br \/>\nDimensions de l&rsquo;\u00e9tui ferm\u00e9 (L x l) :<br \/>\n13 cm x 8 cm<\/p>\n<p>Fabriqu\u00e9 \u00e0 la main en France.<\/p>\n","protected":false},"excerpt":{"rendered":"<p>L&rsquo;ensemble parfait pour les nouveaux parents !<\/p>\n<h5><a href=\"https:\/\/www.etsy.com\/fr\/listing\/1012153519\/ensemble-naissance?ref=shop_home_active_1\">Ajouter au panier<\/a><\/h5>\n","protected":false},"featured_media":1154,"comment_status":"closed","ping_status":"closed","template":"","meta":[],"product_cat":[262],"product_tag":[199,55,54,64,78,79,58,56,57,65],"yoast_head":"<!-- This site is optimized with the Yoast SEO plugin v21.6 - https:\/\/yoast.com\/wordpress\/plugins\/seo\/ -->\n<title>Ensembles naissance - Noyale-Cr\u00e9ations : Cr\u00e9ations textiles utiles, jolies et durables pour toute la famille et la maison<\/title>\n<meta name=\"robots\" content=\"index, follow, max-snippet:-1, max-image-preview:large, max-video-preview:-1\" \/>\n<link rel=\"canonical\" href=\"https:\/\/www.noyale-creations.com\/index.php\/produit\/ensemble-naissance-3\/\" \/>\n<meta property=\"og:locale\" content=\"fr_FR\" \/>\n<meta property=\"og:type\" content=\"article\" \/>\n<meta property=\"og:title\" content=\"Ensembles naissance - Noyale-Cr\u00e9ations : Cr\u00e9ations textiles utiles, jolies et durables pour toute la famille et la maison\" \/>\n<meta property=\"og:description\" content=\"L&#039;ensemble parfait pour les nouveaux parents ! Ajouter au panier\" \/>\n<meta property=\"og:url\" content=\"https:\/\/www.noyale-creations.com\/index.php\/produit\/ensemble-naissance-3\/\" \/>\n<meta property=\"og:site_name\" content=\"Noyale-Cr\u00e9ations : Cr\u00e9ations textiles utiles, jolies et durables pour toute la famille et la maison\" \/>\n<meta property=\"article:modified_time\" content=\"2022-02-20T17:58:03+00:00\" \/>\n<meta property=\"og:image\" content=\"https:\/\/www.noyale-creations.com\/wp-content\/uploads\/2021\/05\/EN042_01.jpg\" \/>\n\t<meta property=\"og:image:width\" content=\"1600\" \/>\n\t<meta property=\"og:image:height\" content=\"1600\" \/>\n\t<meta property=\"og:image:type\" content=\"image\/jpeg\" \/>\n<meta name=\"twitter:card\" content=\"summary_large_image\" \/>\n<meta name=\"twitter:label1\" content=\"Dur\u00e9e de lecture estim\u00e9e\" \/>\n\t<meta name=\"twitter:data1\" content=\"3 minutes\" \/>\n<script type=\"application\/ld+json\" class=\"yoast-schema-graph\">{\"@context\":\"https:\/\/schema.org\",\"@graph\":[{\"@type\":\"WebPage\",\"@id\":\"https:\/\/www.noyale-creations.com\/index.php\/produit\/ensemble-naissance-3\/\",\"url\":\"https:\/\/www.noyale-creations.com\/index.php\/produit\/ensemble-naissance-3\/\",\"name\":\"Ensembles naissance - Noyale-Cr\u00e9ations : Cr\u00e9ations textiles utiles, jolies et durables pour toute la famille et la maison\",\"isPartOf\":{\"@id\":\"https:\/\/www.noyale-creations.com\/#website\"},\"datePublished\":\"2021-05-02T19:39:03+00:00\",\"dateModified\":\"2022-02-20T17:58:03+00:00\",\"breadcrumb\":{\"@id\":\"https:\/\/www.noyale-creations.com\/index.php\/produit\/ensemble-naissance-3\/#breadcrumb\"},\"inLanguage\":\"fr-FR\",\"potentialAction\":[{\"@type\":\"ReadAction\",\"target\":[\"https:\/\/www.noyale-creations.com\/index.php\/produit\/ensemble-naissance-3\/\"]}]},{\"@type\":\"BreadcrumbList\",\"@id\":\"https:\/\/www.noyale-creations.com\/index.php\/produit\/ensemble-naissance-3\/#breadcrumb\",\"itemListElement\":[{\"@type\":\"ListItem\",\"position\":1,\"name\":\"Accueil\",\"item\":\"https:\/\/www.noyale-creations.com\/\"},{\"@type\":\"ListItem\",\"position\":2,\"name\":\"Boutique\",\"item\":\"https:\/\/www.noyale-creations.com\/index.php\/boutique\/\"},{\"@type\":\"ListItem\",\"position\":3,\"name\":\"Ensembles naissance\"}]},{\"@type\":\"WebSite\",\"@id\":\"https:\/\/www.noyale-creations.com\/#website\",\"url\":\"https:\/\/www.noyale-creations.com\/\",\"name\":\"Noyale-Cr\u00e9ations : Cr\u00e9ations textiles utiles, jolies et durables pour toute la famille et la maison\",\"description\":\"Cr\u00e9ations textiles utiles, jolies et durables pour toute la famille et la maison.\",\"potentialAction\":[{\"@type\":\"SearchAction\",\"target\":{\"@type\":\"EntryPoint\",\"urlTemplate\":\"https:\/\/www.noyale-creations.com\/?s={search_term_string}\"},\"query-input\":\"required name=search_term_string\"}],\"inLanguage\":\"fr-FR\"}]}<\/script>\n<!-- \/ Yoast SEO plugin. -->","yoast_head_json":{"title":"Ensembles naissance - Noyale-Cr\u00e9ations : Cr\u00e9ations textiles utiles, jolies et durables pour toute la famille et la maison","robots":{"index":"index","follow":"follow","max-snippet":"max-snippet:-1","max-image-preview":"max-image-preview:large","max-video-preview":"max-video-preview:-1"},"canonical":"https:\/\/www.noyale-creations.com\/index.php\/produit\/ensemble-naissance-3\/","og_locale":"fr_FR","og_type":"article","og_title":"Ensembles naissance - Noyale-Cr\u00e9ations : Cr\u00e9ations textiles utiles, jolies et durables pour toute la famille et la maison","og_description":"L'ensemble parfait pour les nouveaux parents ! Ajouter au panier","og_url":"https:\/\/www.noyale-creations.com\/index.php\/produit\/ensemble-naissance-3\/","og_site_name":"Noyale-Cr\u00e9ations : Cr\u00e9ations textiles utiles, jolies et durables pour toute la famille et la maison","article_modified_time":"2022-02-20T17:58:03+00:00","og_image":[{"width":1600,"height":1600,"url":"https:\/\/www.noyale-creations.com\/wp-content\/uploads\/2021\/05\/EN042_01.jpg","type":"image\/jpeg"}],"twitter_card":"summary_large_image","twitter_misc":{"Dur\u00e9e de lecture estim\u00e9e":"3 minutes"},"schema":{"@context":"https:\/\/schema.org","@graph":[{"@type":"WebPage","@id":"https:\/\/www.noyale-creations.com\/index.php\/produit\/ensemble-naissance-3\/","url":"https:\/\/www.noyale-creations.com\/index.php\/produit\/ensemble-naissance-3\/","name":"Ensembles naissance - Noyale-Cr\u00e9ations : Cr\u00e9ations textiles utiles, jolies et durables pour toute la famille et la maison","isPartOf":{"@id":"https:\/\/www.noyale-creations.com\/#website"},"datePublished":"2021-05-02T19:39:03+00:00","dateModified":"2022-02-20T17:58:03+00:00","breadcrumb":{"@id":"https:\/\/www.noyale-creations.com\/index.php\/produit\/ensemble-naissance-3\/#breadcrumb"},"inLanguage":"fr-FR","potentialAction":[{"@type":"ReadAction","target":["https:\/\/www.noyale-creations.com\/index.php\/produit\/ensemble-naissance-3\/"]}]},{"@type":"BreadcrumbList","@id":"https:\/\/www.noyale-creations.com\/index.php\/produit\/ensemble-naissance-3\/#breadcrumb","itemListElement":[{"@type":"ListItem","position":1,"name":"Accueil","item":"https:\/\/www.noyale-creations.com\/"},{"@type":"ListItem","position":2,"name":"Boutique","item":"https:\/\/www.noyale-creations.com\/index.php\/boutique\/"},{"@type":"ListItem","position":3,"name":"Ensembles naissance"}]},{"@type":"WebSite","@id":"https:\/\/www.noyale-creations.com\/#website","url":"https:\/\/www.noyale-creations.com\/","name":"Noyale-Cr\u00e9ations : Cr\u00e9ations textiles utiles, jolies et durables pour toute la famille et la maison","description":"Cr\u00e9ations textiles utiles, jolies et durables pour toute la famille et la maison.","potentialAction":[{"@type":"SearchAction","target":{"@type":"EntryPoint","urlTemplate":"https:\/\/www.noyale-creations.com\/?s={search_term_string}"},"query-input":"required name=search_term_string"}],"inLanguage":"fr-FR"}]}},"jetpack_sharing_enabled":true,"_links":{"self":[{"href":"https:\/\/www.noyale-creations.com\/index.php\/wp-json\/wp\/v2\/product\/1150"}],"collection":[{"href":"https:\/\/www.noyale-creations.com\/index.php\/wp-json\/wp\/v2\/product"}],"about":[{"href":"https:\/\/www.noyale-creations.com\/index.php\/wp-json\/wp\/v2\/types\/product"}],"replies":[{"embeddable":true,"href":"https:\/\/www.noyale-creations.com\/index.php\/wp-json\/wp\/v2\/comments?post=1150"}],"wp:featuredmedia":[{"embeddable":true,"href":"https:\/\/www.noyale-creations.com\/index.php\/wp-json\/wp\/v2\/media\/1154"}],"wp:attachment":[{"href":"https:\/\/www.noyale-creations.com\/index.php\/wp-json\/wp\/v2\/media?parent=1150"}],"wp:term":[{"taxonomy":"product_cat","embeddable":true,"href":"https:\/\/www.noyale-creations.com\/index.php\/wp-json\/wp\/v2\/product_cat?post=1150"},{"taxonomy":"product_tag","embeddable":true,"href":"https:\/\/www.noyale-creations.com\/index.php\/wp-json\/wp\/v2\/product_tag?post=1150"}],"curies":[{"name":"wp","href":"https:\/\/api.w.org\/{rel}","templated":true}]}}