{"id":1572,"date":"2022-04-17T10:22:40","date_gmt":"2022-04-17T08:22:40","guid":{"rendered":"https:\/\/www.noyale-creations.com\/?post_type=product&#038;p=1572"},"modified":"2022-04-17T11:51:56","modified_gmt":"2022-04-17T09:51:56","slug":"recharge-5-carres-demaquillants-lavables-bambou","status":"publish","type":"product","link":"https:\/\/www.noyale-creations.com\/index.php\/produit\/recharge-5-carres-demaquillants-lavables-bambou\/","title":{"rendered":"Recharge 5 carr\u00e9s d\u00e9maquillants lavables Bambou"},"content":{"rendered":"<h5><a href=\"https:\/\/www.etsy.com\/fr\/listing\/1202940176\/recharge-5-carres-demaquillants-lavables?ref=shop_home_active_2\">Ajouter au panier<\/a><\/h5>\n<p>Un nuage de douceur pour votre peau.<\/p>\n<p>Carr\u00e9s d\u00e9maquillants lavables \u00e9pais et moelleux, en micro-\u00e9ponge de Bambou.<br \/>\nIls glissent bien sur la peau, absorbent les produits et accrochent les impuret\u00e9s.   <\/p>\n<p>La fibre de bambou douce et absorbante, conserve son moelleux longtemps. Elle est donc id\u00e9ale pour la peau de toute la famille.<\/p>\n<p>De plus la fibre de bambou commence a \u00eatre reconnue pour son int\u00e9r\u00eat \u00e9cologique. En effet la culture du bambou est r\u00e9paratrice des sols et n\u2019a pas de grands besoins en eau.<\/p>\n<p>Avantages de nos carr\u00e9s d\u00e9maquillants Bambou :<br \/>\n1. Doux et absorbants<br \/>\n2. Sans tissu imprim\u00e9, vous pouvez les utiliser des deux c\u00f4t\u00e9s.<br \/>\n3. Leur fibre est tr\u00e8s r\u00e9sistante, elle r\u00e9siste donc aux nombreux lavages.<\/p>\n<p>Dimensions (L x l) : 10 cm x 10 cm.<\/p>\n<p>Composition : Tissu certifi\u00e9 Oekotex 100<br \/>\n40% Viscose de Bambou<br \/>\n40% Polyester<br \/>\n20% coton<\/p>\n<p>Entretien :<br \/>\nLavable \u00e0 30\u00b0 ou 40\u00b0,  s\u00e8che-linge doux.<\/p>\n<p>Astuces :<br \/>\nPour raviver leur blancheur du d\u00e9but, les laisser tremper de temps en temps \u00e0 60\u00b0 avec une cuiller\u00e9e de percarbonate de sodium.<\/p>\n<p>Fabriqu\u00e9  \u00e0 la main en France.<\/p>\n","protected":false},"excerpt":{"rendered":"<p>Pour en finir avec le jetable<br \/>\nOptez pour ces carr\u00e9s d\u00e9maquillants lavables<\/p>\n<h5><a href=\"https:\/\/www.etsy.com\/fr\/listing\/1202940176\/recharge-5-carres-demaquillants-lavables?ref=shop_home_active_2\">Ajouter au panier<\/a><\/h5>\n","protected":false},"featured_media":1574,"comment_status":"open","ping_status":"closed","template":"","meta":[],"product_cat":[53,51],"product_tag":[222,220,55,54,49,56,50,284],"yoast_head":"<!-- This site is optimized with the Yoast SEO plugin v21.6 - https:\/\/yoast.com\/wordpress\/plugins\/seo\/ -->\n<title>Recharge 5 carr\u00e9s d\u00e9maquillants lavables Bambou - Noyale-Cr\u00e9ations : Cr\u00e9ations textiles utiles, jolies et durables pour toute la famille et la maison<\/title>\n<meta name=\"robots\" content=\"index, follow, max-snippet:-1, max-image-preview:large, max-video-preview:-1\" \/>\n<link rel=\"canonical\" href=\"https:\/\/www.noyale-creations.com\/index.php\/produit\/recharge-5-carres-demaquillants-lavables-bambou\/\" \/>\n<meta property=\"og:locale\" content=\"fr_FR\" \/>\n<meta property=\"og:type\" content=\"article\" \/>\n<meta property=\"og:title\" content=\"Recharge 5 carr\u00e9s d\u00e9maquillants lavables Bambou - Noyale-Cr\u00e9ations : Cr\u00e9ations textiles utiles, jolies et durables pour toute la famille et la maison\" \/>\n<meta property=\"og:description\" content=\"Pour en finir avec le jetable Optez pour ces carr\u00e9s d\u00e9maquillants lavables Ajouter au panier\" \/>\n<meta property=\"og:url\" content=\"https:\/\/www.noyale-creations.com\/index.php\/produit\/recharge-5-carres-demaquillants-lavables-bambou\/\" \/>\n<meta property=\"og:site_name\" content=\"Noyale-Cr\u00e9ations : Cr\u00e9ations textiles utiles, jolies et durables pour toute la famille et la maison\" \/>\n<meta property=\"article:modified_time\" content=\"2022-04-17T09:51:56+00:00\" \/>\n<meta property=\"og:image\" content=\"https:\/\/www.noyale-creations.com\/wp-content\/uploads\/2022\/04\/CDB001_01.jpg\" \/>\n\t<meta property=\"og:image:width\" content=\"1600\" \/>\n\t<meta property=\"og:image:height\" content=\"1600\" \/>\n\t<meta property=\"og:image:type\" content=\"image\/jpeg\" \/>\n<meta name=\"twitter:card\" content=\"summary_large_image\" \/>\n<meta name=\"twitter:label1\" content=\"Dur\u00e9e de lecture estim\u00e9e\" \/>\n\t<meta name=\"twitter:data1\" content=\"1 minute\" \/>\n<script type=\"application\/ld+json\" class=\"yoast-schema-graph\">{\"@context\":\"https:\/\/schema.org\",\"@graph\":[{\"@type\":\"WebPage\",\"@id\":\"https:\/\/www.noyale-creations.com\/index.php\/produit\/recharge-5-carres-demaquillants-lavables-bambou\/\",\"url\":\"https:\/\/www.noyale-creations.com\/index.php\/produit\/recharge-5-carres-demaquillants-lavables-bambou\/\",\"name\":\"Recharge 5 carr\u00e9s d\u00e9maquillants lavables Bambou - Noyale-Cr\u00e9ations : Cr\u00e9ations textiles utiles, jolies et durables pour toute la famille et la maison\",\"isPartOf\":{\"@id\":\"https:\/\/www.noyale-creations.com\/#website\"},\"datePublished\":\"2022-04-17T08:22:40+00:00\",\"dateModified\":\"2022-04-17T09:51:56+00:00\",\"breadcrumb\":{\"@id\":\"https:\/\/www.noyale-creations.com\/index.php\/produit\/recharge-5-carres-demaquillants-lavables-bambou\/#breadcrumb\"},\"inLanguage\":\"fr-FR\",\"potentialAction\":[{\"@type\":\"ReadAction\",\"target\":[\"https:\/\/www.noyale-creations.com\/index.php\/produit\/recharge-5-carres-demaquillants-lavables-bambou\/\"]}]},{\"@type\":\"BreadcrumbList\",\"@id\":\"https:\/\/www.noyale-creations.com\/index.php\/produit\/recharge-5-carres-demaquillants-lavables-bambou\/#breadcrumb\",\"itemListElement\":[{\"@type\":\"ListItem\",\"position\":1,\"name\":\"Accueil\",\"item\":\"https:\/\/www.noyale-creations.com\/\"},{\"@type\":\"ListItem\",\"position\":2,\"name\":\"Boutique\",\"item\":\"https:\/\/www.noyale-creations.com\/index.php\/boutique\/\"},{\"@type\":\"ListItem\",\"position\":3,\"name\":\"Recharge 5 carr\u00e9s d\u00e9maquillants lavables Bambou\"}]},{\"@type\":\"WebSite\",\"@id\":\"https:\/\/www.noyale-creations.com\/#website\",\"url\":\"https:\/\/www.noyale-creations.com\/\",\"name\":\"Noyale-Cr\u00e9ations : Cr\u00e9ations textiles utiles, jolies et durables pour toute la famille et la maison\",\"description\":\"Cr\u00e9ations textiles utiles, jolies et durables pour toute la famille et la maison.\",\"potentialAction\":[{\"@type\":\"SearchAction\",\"target\":{\"@type\":\"EntryPoint\",\"urlTemplate\":\"https:\/\/www.noyale-creations.com\/?s={search_term_string}\"},\"query-input\":\"required name=search_term_string\"}],\"inLanguage\":\"fr-FR\"}]}<\/script>\n<!-- \/ Yoast SEO plugin. -->","yoast_head_json":{"title":"Recharge 5 carr\u00e9s d\u00e9maquillants lavables Bambou - Noyale-Cr\u00e9ations : Cr\u00e9ations textiles utiles, jolies et durables pour toute la famille et la maison","robots":{"index":"index","follow":"follow","max-snippet":"max-snippet:-1","max-image-preview":"max-image-preview:large","max-video-preview":"max-video-preview:-1"},"canonical":"https:\/\/www.noyale-creations.com\/index.php\/produit\/recharge-5-carres-demaquillants-lavables-bambou\/","og_locale":"fr_FR","og_type":"article","og_title":"Recharge 5 carr\u00e9s d\u00e9maquillants lavables Bambou - Noyale-Cr\u00e9ations : Cr\u00e9ations textiles utiles, jolies et durables pour toute la famille et la maison","og_description":"Pour en finir avec le jetable Optez pour ces carr\u00e9s d\u00e9maquillants lavables Ajouter au panier","og_url":"https:\/\/www.noyale-creations.com\/index.php\/produit\/recharge-5-carres-demaquillants-lavables-bambou\/","og_site_name":"Noyale-Cr\u00e9ations : Cr\u00e9ations textiles utiles, jolies et durables pour toute la famille et la maison","article_modified_time":"2022-04-17T09:51:56+00:00","og_image":[{"width":1600,"height":1600,"url":"https:\/\/www.noyale-creations.com\/wp-content\/uploads\/2022\/04\/CDB001_01.jpg","type":"image\/jpeg"}],"twitter_card":"summary_large_image","twitter_misc":{"Dur\u00e9e de lecture estim\u00e9e":"1 minute"},"schema":{"@context":"https:\/\/schema.org","@graph":[{"@type":"WebPage","@id":"https:\/\/www.noyale-creations.com\/index.php\/produit\/recharge-5-carres-demaquillants-lavables-bambou\/","url":"https:\/\/www.noyale-creations.com\/index.php\/produit\/recharge-5-carres-demaquillants-lavables-bambou\/","name":"Recharge 5 carr\u00e9s d\u00e9maquillants lavables Bambou - Noyale-Cr\u00e9ations : Cr\u00e9ations textiles utiles, jolies et durables pour toute la famille et la maison","isPartOf":{"@id":"https:\/\/www.noyale-creations.com\/#website"},"datePublished":"2022-04-17T08:22:40+00:00","dateModified":"2022-04-17T09:51:56+00:00","breadcrumb":{"@id":"https:\/\/www.noyale-creations.com\/index.php\/produit\/recharge-5-carres-demaquillants-lavables-bambou\/#breadcrumb"},"inLanguage":"fr-FR","potentialAction":[{"@type":"ReadAction","target":["https:\/\/www.noyale-creations.com\/index.php\/produit\/recharge-5-carres-demaquillants-lavables-bambou\/"]}]},{"@type":"BreadcrumbList","@id":"https:\/\/www.noyale-creations.com\/index.php\/produit\/recharge-5-carres-demaquillants-lavables-bambou\/#breadcrumb","itemListElement":[{"@type":"ListItem","position":1,"name":"Accueil","item":"https:\/\/www.noyale-creations.com\/"},{"@type":"ListItem","position":2,"name":"Boutique","item":"https:\/\/www.noyale-creations.com\/index.php\/boutique\/"},{"@type":"ListItem","position":3,"name":"Recharge 5 carr\u00e9s d\u00e9maquillants lavables Bambou"}]},{"@type":"WebSite","@id":"https:\/\/www.noyale-creations.com\/#website","url":"https:\/\/www.noyale-creations.com\/","name":"Noyale-Cr\u00e9ations : Cr\u00e9ations textiles utiles, jolies et durables pour toute la famille et la maison","description":"Cr\u00e9ations textiles utiles, jolies et durables pour toute la famille et la maison.","potentialAction":[{"@type":"SearchAction","target":{"@type":"EntryPoint","urlTemplate":"https:\/\/www.noyale-creations.com\/?s={search_term_string}"},"query-input":"required name=search_term_string"}],"inLanguage":"fr-FR"}]}},"jetpack_sharing_enabled":true,"_links":{"self":[{"href":"https:\/\/www.noyale-creations.com\/index.php\/wp-json\/wp\/v2\/product\/1572"}],"collection":[{"href":"https:\/\/www.noyale-creations.com\/index.php\/wp-json\/wp\/v2\/product"}],"about":[{"href":"https:\/\/www.noyale-creations.com\/index.php\/wp-json\/wp\/v2\/types\/product"}],"replies":[{"embeddable":true,"href":"https:\/\/www.noyale-creations.com\/index.php\/wp-json\/wp\/v2\/comments?post=1572"}],"wp:featuredmedia":[{"embeddable":true,"href":"https:\/\/www.noyale-creations.com\/index.php\/wp-json\/wp\/v2\/media\/1574"}],"wp:attachment":[{"href":"https:\/\/www.noyale-creations.com\/index.php\/wp-json\/wp\/v2\/media?parent=1572"}],"wp:term":[{"taxonomy":"product_cat","embeddable":true,"href":"https:\/\/www.noyale-creations.com\/index.php\/wp-json\/wp\/v2\/product_cat?post=1572"},{"taxonomy":"product_tag","embeddable":true,"href":"https:\/\/www.noyale-creations.com\/index.php\/wp-json\/wp\/v2\/product_tag?post=1572"}],"curies":[{"name":"wp","href":"https:\/\/api.w.org\/{rel}","templated":true}]}}