{"id":220,"date":"2020-07-13T21:53:25","date_gmt":"2020-07-13T19:53:25","guid":{"rendered":"https:\/\/www.noyale-creations.com\/?post_type=product&#038;p=220"},"modified":"2022-09-04T13:01:52","modified_gmt":"2022-09-04T11:01:52","slug":"panier-et-lingettes-bebe-7","status":"publish","type":"product","link":"https:\/\/www.noyale-creations.com\/index.php\/produit\/panier-et-lingettes-bebe-7\/","title":{"rendered":"Paniers et lingettes b\u00e9b\u00e9 (animaux)"},"content":{"rendered":"<h5><a href=\"https:\/\/www.etsy.com\/fr\/listing\/881402313\/panier-lingettes-bebe-motifs-animaux?ref=shop_home_active_17\">Ajouter au panier<\/a><\/h5>\n<p>Ce panier est id\u00e9al pour ranger les lingettes de b\u00e9b\u00e9, ou encore pour des disques d\u00e9maquillants.<\/p>\n<p>Enti\u00e8rement r\u00e9versible, un c\u00f4t\u00e9 imprim\u00e9 et un c\u00f4t\u00e9 uni.<\/p>\n<p>Tissu imprim\u00e9 coton certifi\u00e9 Oekotex 100, tissu uni c\u00f4t\u00e9 blanc upcycl\u00e9.<\/p>\n<p>8 Lingettes 1 face en micro fibres de bambou tr\u00e8s absorbant et 1 face en double gaze de coton tr\u00e8s douce.<\/p>\n<p>Dimensions du panier (L x l x h) : 10 cm x 10 cm x 15 cm (avant ourlet).<br \/>\nLavable \u00e0 30\u00b0, pas de s\u00e8che-linge.<\/p>\n<p>Dimensions des lingettes (L x l) : 10 cm x 12 cm.<br \/>\nLavable \u00e0 40\u00b0, s\u00e8che-linge doux.<\/p>\n<p>Fabriqu\u00e9 \u00e0 la main en France.<\/p>\n","protected":false},"excerpt":{"rendered":"<p>Le panier est id\u00e9al pour ranger les lingettes de b\u00e9b\u00e9, ou encore pour des disques d\u00e9maquillants.<br \/>\nEnti\u00e8rement r\u00e9versible, un c\u00f4t\u00e9 imprim\u00e9 et un c\u00f4t\u00e9 uni.<\/p>\n<h5><a href=\"https:\/\/www.etsy.com\/fr\/listing\/881402313\/panier-lingettes-bebe-motifs-animaux?ref=shop_home_active_17\">Ajouter au panier<\/a><\/h5>\n","protected":false},"featured_media":1285,"comment_status":"closed","ping_status":"closed","template":"","meta":[],"product_cat":[76,52],"product_tag":[49,48,50],"yoast_head":"<!-- This site is optimized with the Yoast SEO plugin v21.6 - https:\/\/yoast.com\/wordpress\/plugins\/seo\/ -->\n<title>Paniers et lingettes b\u00e9b\u00e9 (animaux) - Noyale-Cr\u00e9ations : Cr\u00e9ations textiles utiles, jolies et durables pour toute la famille et la maison<\/title>\n<meta name=\"robots\" content=\"index, follow, max-snippet:-1, max-image-preview:large, max-video-preview:-1\" \/>\n<link rel=\"canonical\" href=\"https:\/\/www.noyale-creations.com\/index.php\/produit\/panier-et-lingettes-bebe-7\/\" \/>\n<meta property=\"og:locale\" content=\"fr_FR\" \/>\n<meta property=\"og:type\" content=\"article\" \/>\n<meta property=\"og:title\" content=\"Paniers et lingettes b\u00e9b\u00e9 (animaux) - Noyale-Cr\u00e9ations : Cr\u00e9ations textiles utiles, jolies et durables pour toute la famille et la maison\" \/>\n<meta property=\"og:description\" content=\"Le panier est id\u00e9al pour ranger les lingettes de b\u00e9b\u00e9, ou encore pour des disques d\u00e9maquillants. Enti\u00e8rement r\u00e9versible, un c\u00f4t\u00e9 imprim\u00e9 et un c\u00f4t\u00e9 uni. Ajouter au panier\" \/>\n<meta property=\"og:url\" content=\"https:\/\/www.noyale-creations.com\/index.php\/produit\/panier-et-lingettes-bebe-7\/\" \/>\n<meta property=\"og:site_name\" content=\"Noyale-Cr\u00e9ations : Cr\u00e9ations textiles utiles, jolies et durables pour toute la famille et la maison\" \/>\n<meta property=\"article:modified_time\" content=\"2022-09-04T11:01:52+00:00\" \/>\n<meta property=\"og:image\" content=\"https:\/\/www.noyale-creations.com\/wp-content\/uploads\/2021\/07\/PLB031_02.jpg\" \/>\n\t<meta property=\"og:image:width\" content=\"1600\" \/>\n\t<meta property=\"og:image:height\" content=\"1600\" \/>\n\t<meta property=\"og:image:type\" content=\"image\/jpeg\" \/>\n<meta name=\"twitter:card\" content=\"summary_large_image\" \/>\n<meta name=\"twitter:label1\" content=\"Dur\u00e9e de lecture estim\u00e9e\" \/>\n\t<meta name=\"twitter:data1\" content=\"1 minute\" \/>\n<script type=\"application\/ld+json\" class=\"yoast-schema-graph\">{\"@context\":\"https:\/\/schema.org\",\"@graph\":[{\"@type\":\"WebPage\",\"@id\":\"https:\/\/www.noyale-creations.com\/index.php\/produit\/panier-et-lingettes-bebe-7\/\",\"url\":\"https:\/\/www.noyale-creations.com\/index.php\/produit\/panier-et-lingettes-bebe-7\/\",\"name\":\"Paniers et lingettes b\u00e9b\u00e9 (animaux) - Noyale-Cr\u00e9ations : Cr\u00e9ations textiles utiles, jolies et durables pour toute la famille et la maison\",\"isPartOf\":{\"@id\":\"https:\/\/www.noyale-creations.com\/#website\"},\"datePublished\":\"2020-07-13T19:53:25+00:00\",\"dateModified\":\"2022-09-04T11:01:52+00:00\",\"breadcrumb\":{\"@id\":\"https:\/\/www.noyale-creations.com\/index.php\/produit\/panier-et-lingettes-bebe-7\/#breadcrumb\"},\"inLanguage\":\"fr-FR\",\"potentialAction\":[{\"@type\":\"ReadAction\",\"target\":[\"https:\/\/www.noyale-creations.com\/index.php\/produit\/panier-et-lingettes-bebe-7\/\"]}]},{\"@type\":\"BreadcrumbList\",\"@id\":\"https:\/\/www.noyale-creations.com\/index.php\/produit\/panier-et-lingettes-bebe-7\/#breadcrumb\",\"itemListElement\":[{\"@type\":\"ListItem\",\"position\":1,\"name\":\"Accueil\",\"item\":\"https:\/\/www.noyale-creations.com\/\"},{\"@type\":\"ListItem\",\"position\":2,\"name\":\"Boutique\",\"item\":\"https:\/\/www.noyale-creations.com\/index.php\/boutique\/\"},{\"@type\":\"ListItem\",\"position\":3,\"name\":\"Paniers et lingettes b\u00e9b\u00e9 (animaux)\"}]},{\"@type\":\"WebSite\",\"@id\":\"https:\/\/www.noyale-creations.com\/#website\",\"url\":\"https:\/\/www.noyale-creations.com\/\",\"name\":\"Noyale-Cr\u00e9ations : Cr\u00e9ations textiles utiles, jolies et durables pour toute la famille et la maison\",\"description\":\"Cr\u00e9ations textiles utiles, jolies et durables pour toute la famille et la maison.\",\"potentialAction\":[{\"@type\":\"SearchAction\",\"target\":{\"@type\":\"EntryPoint\",\"urlTemplate\":\"https:\/\/www.noyale-creations.com\/?s={search_term_string}\"},\"query-input\":\"required name=search_term_string\"}],\"inLanguage\":\"fr-FR\"}]}<\/script>\n<!-- \/ Yoast SEO plugin. -->","yoast_head_json":{"title":"Paniers et lingettes b\u00e9b\u00e9 (animaux) - Noyale-Cr\u00e9ations : Cr\u00e9ations textiles utiles, jolies et durables pour toute la famille et la maison","robots":{"index":"index","follow":"follow","max-snippet":"max-snippet:-1","max-image-preview":"max-image-preview:large","max-video-preview":"max-video-preview:-1"},"canonical":"https:\/\/www.noyale-creations.com\/index.php\/produit\/panier-et-lingettes-bebe-7\/","og_locale":"fr_FR","og_type":"article","og_title":"Paniers et lingettes b\u00e9b\u00e9 (animaux) - Noyale-Cr\u00e9ations : Cr\u00e9ations textiles utiles, jolies et durables pour toute la famille et la maison","og_description":"Le panier est id\u00e9al pour ranger les lingettes de b\u00e9b\u00e9, ou encore pour des disques d\u00e9maquillants. Enti\u00e8rement r\u00e9versible, un c\u00f4t\u00e9 imprim\u00e9 et un c\u00f4t\u00e9 uni. Ajouter au panier","og_url":"https:\/\/www.noyale-creations.com\/index.php\/produit\/panier-et-lingettes-bebe-7\/","og_site_name":"Noyale-Cr\u00e9ations : Cr\u00e9ations textiles utiles, jolies et durables pour toute la famille et la maison","article_modified_time":"2022-09-04T11:01:52+00:00","og_image":[{"width":1600,"height":1600,"url":"https:\/\/www.noyale-creations.com\/wp-content\/uploads\/2021\/07\/PLB031_02.jpg","type":"image\/jpeg"}],"twitter_card":"summary_large_image","twitter_misc":{"Dur\u00e9e de lecture estim\u00e9e":"1 minute"},"schema":{"@context":"https:\/\/schema.org","@graph":[{"@type":"WebPage","@id":"https:\/\/www.noyale-creations.com\/index.php\/produit\/panier-et-lingettes-bebe-7\/","url":"https:\/\/www.noyale-creations.com\/index.php\/produit\/panier-et-lingettes-bebe-7\/","name":"Paniers et lingettes b\u00e9b\u00e9 (animaux) - Noyale-Cr\u00e9ations : Cr\u00e9ations textiles utiles, jolies et durables pour toute la famille et la maison","isPartOf":{"@id":"https:\/\/www.noyale-creations.com\/#website"},"datePublished":"2020-07-13T19:53:25+00:00","dateModified":"2022-09-04T11:01:52+00:00","breadcrumb":{"@id":"https:\/\/www.noyale-creations.com\/index.php\/produit\/panier-et-lingettes-bebe-7\/#breadcrumb"},"inLanguage":"fr-FR","potentialAction":[{"@type":"ReadAction","target":["https:\/\/www.noyale-creations.com\/index.php\/produit\/panier-et-lingettes-bebe-7\/"]}]},{"@type":"BreadcrumbList","@id":"https:\/\/www.noyale-creations.com\/index.php\/produit\/panier-et-lingettes-bebe-7\/#breadcrumb","itemListElement":[{"@type":"ListItem","position":1,"name":"Accueil","item":"https:\/\/www.noyale-creations.com\/"},{"@type":"ListItem","position":2,"name":"Boutique","item":"https:\/\/www.noyale-creations.com\/index.php\/boutique\/"},{"@type":"ListItem","position":3,"name":"Paniers et lingettes b\u00e9b\u00e9 (animaux)"}]},{"@type":"WebSite","@id":"https:\/\/www.noyale-creations.com\/#website","url":"https:\/\/www.noyale-creations.com\/","name":"Noyale-Cr\u00e9ations : Cr\u00e9ations textiles utiles, jolies et durables pour toute la famille et la maison","description":"Cr\u00e9ations textiles utiles, jolies et durables pour toute la famille et la maison.","potentialAction":[{"@type":"SearchAction","target":{"@type":"EntryPoint","urlTemplate":"https:\/\/www.noyale-creations.com\/?s={search_term_string}"},"query-input":"required name=search_term_string"}],"inLanguage":"fr-FR"}]}},"jetpack_sharing_enabled":true,"_links":{"self":[{"href":"https:\/\/www.noyale-creations.com\/index.php\/wp-json\/wp\/v2\/product\/220"}],"collection":[{"href":"https:\/\/www.noyale-creations.com\/index.php\/wp-json\/wp\/v2\/product"}],"about":[{"href":"https:\/\/www.noyale-creations.com\/index.php\/wp-json\/wp\/v2\/types\/product"}],"replies":[{"embeddable":true,"href":"https:\/\/www.noyale-creations.com\/index.php\/wp-json\/wp\/v2\/comments?post=220"}],"wp:featuredmedia":[{"embeddable":true,"href":"https:\/\/www.noyale-creations.com\/index.php\/wp-json\/wp\/v2\/media\/1285"}],"wp:attachment":[{"href":"https:\/\/www.noyale-creations.com\/index.php\/wp-json\/wp\/v2\/media?parent=220"}],"wp:term":[{"taxonomy":"product_cat","embeddable":true,"href":"https:\/\/www.noyale-creations.com\/index.php\/wp-json\/wp\/v2\/product_cat?post=220"},{"taxonomy":"product_tag","embeddable":true,"href":"https:\/\/www.noyale-creations.com\/index.php\/wp-json\/wp\/v2\/product_tag?post=220"}],"curies":[{"name":"wp","href":"https:\/\/api.w.org\/{rel}","templated":true}]}}