{"id":247,"date":"2020-07-14T10:36:46","date_gmt":"2020-07-14T08:36:46","guid":{"rendered":"https:\/\/www.noyale-creations.com\/?post_type=product&#038;p=247"},"modified":"2022-03-05T14:24:10","modified_gmt":"2022-03-05T13:24:10","slug":"kit-carres-demaquillants-lavables-5","status":"publish","type":"product","link":"https:\/\/www.noyale-creations.com\/index.php\/produit\/kit-carres-demaquillants-lavables-5\/","title":{"rendered":"Bourses\/10 carr\u00e9s d\u00e9maquillants lavables\/filet de lavage (fleuris 01)"},"content":{"rendered":"<h5><a href=\"https:\/\/www.etsy.com\/fr\/listing\/867380174\/bourse-et-carres-demaquillants-lavables?ref=shop_home_active_17\">Ajouter au panier<\/a><\/h5>\n<p>Super pratique et jolie !<br \/>\nLa compagne z\u00e9ro-d\u00e9chet de votre salle de bain.<\/p>\n<p>Notre bourse est facile \u00e0 utiliser et \u00e0 emporter en voyage.<\/p>\n<p>Vous pouvez l&rsquo;utiliser comme un distributeur de cotons.<br \/>\nElle se rempli de carr\u00e9s d\u00e9maquillants par le haut, le cordon permet de la fermer et de la suspendre \u00e0 un crochet.<br \/>\nLa distribution des carr\u00e9s se fait alors par le bas, gr\u00e2ce \u00e0 l&rsquo;ouverture resserr\u00e9e par un \u00e9lastique.<\/p>\n<p>Vous pouvez bien s\u00fbr choisir de laisser la bourse ouverte et l&rsquo;utiliser comme un petit panier pos\u00e9 \u00e0 c\u00f4t\u00e9 de votre vasque.<\/p>\n<p>Compos\u00e9e de deux tissus fins, un coton imprim\u00e9 et un lin uni, notre bourse est r\u00e9versible et reste<br \/>\ntr\u00e8s souple pour contenir facilement une quinzaine de nos carr\u00e9s d\u00e9maquillants.<\/p>\n<p>Les 10 lingettes (en option) qui l&rsquo;accompagnent sont en Tencel, un tissu tr\u00e8s doux, fabriqu\u00e9 \u00e0 partir de pulpe d&rsquo;eucalyptus. Son proc\u00e9d\u00e9 de fabrication innovant en fait un produit tr\u00e8s respectueux de l&rsquo;environnement.<br \/>\nPour plus de d\u00e9tails, regardez la fiche produit : <a href=\"https:\/\/www.noyale-creations.com\/index.php\/produit\/recharge-8-carres-demaquillants-lavables\/\">5 recharges carr\u00e9s d\u00e9maquillants<\/a>.<\/p>\n<p>Pour compl\u00e9ter l&rsquo;usage de vos carr\u00e9s d\u00e9maquillants ou lingettes b\u00e9b\u00e9, le filet de lavage (en option) est id\u00e9al pour les entretenir sans les perdre ni les ab\u00eemer dans la machine \u00e0 laver.<\/p>\n<p>Et pour avoir un joli ensemble z\u00e9ro-d\u00e9chet, compl\u00e9tez votre achat en associant nos bourses\/carr\u00e9s d\u00e9maquillants \u00e0 nos trousses de toilette et \u00e9tuis \u00e0 savon de tissus coordonn\u00e9s.<\/p>\n<p>Les options :<br \/>\nBourse seule (1)<br \/>\nBourse + 10 carr\u00e9s (1+2)<br \/>\nBourse + 10 carr\u00e9s + filet de lavage (1+2+3)<\/p>\n<p>Mat\u00e9riaux :<br \/>\nBourse :<br \/>\nTissu imprim\u00e9 : coton certifi\u00e9 Oekotex 100<br \/>\nTissu uni : lin blanc ou naturel selon motif choisi<br \/>\nCordon : chanvre<br \/>\nPerle en bois de h\u00eatre<br \/>\n\u00c9lastique<br \/>\nLavable \u00e0 30\u00b0, pas de s\u00e8che-linge.<br \/>\nDimensions de la bourse (d x h) : 10 cm x 17 cm env.<\/p>\n<p>Carr\u00e9s d\u00e9maquillants :<br \/>\n10 carr\u00e9s d\u00e9maquillants en Tencel d&rsquo;eucalyptus certifi\u00e9 Oekotex 100<br \/>\nLavable \u00e0 30\u00b0, s\u00e8che-linge doux.<br \/>\nDimensions des lingettes (L x l) : 9 cm x 9 cm env.<\/p>\n<p>Filet de lavage :<br \/>\ntissu filet 100% coton<br \/>\nBase en Pul (tissu imperm\u00e9able et respirant)<br \/>\ncordon en coton<br \/>\nDimensions : H. 22cm env.<br \/>\nbase ronde diam\u00e8tre 12cm env.<\/p>\n<p>Fabriqu\u00e9 \u00e0 la main en France.<\/p>\n","protected":false},"excerpt":{"rendered":"[video width=\"177\" height=\"315\" mp4=\"https:\/\/www.noyale-creations.com\/wp-content\/uploads\/2021\/05\/portrait_bcd_fleuris_04.mp4\"][\/video]\n<p>Aussi facile \u00e0 utiliser que votre distributeur de cotons jetables, le gaspillage en moins.<\/p>\n<h5><a href=\"https:\/\/www.etsy.com\/fr\/listing\/867380174\/bourse-et-carres-demaquillants-lavables?ref=shop_home_active_17\">Ajouter au panier<\/a><\/h5>\n","protected":false},"featured_media":1287,"comment_status":"closed","ping_status":"closed","template":"","meta":[],"product_cat":[53,51],"product_tag":[199,55,54,58,56,57],"yoast_head":"<!-- This site is optimized with the Yoast SEO plugin v21.6 - https:\/\/yoast.com\/wordpress\/plugins\/seo\/ -->\n<title>Bourses\/10 carr\u00e9s d\u00e9maquillants lavables\/filet de lavage (fleuris 01) - Noyale-Cr\u00e9ations : Cr\u00e9ations textiles utiles, jolies et durables pour toute la famille et la maison<\/title>\n<meta name=\"robots\" content=\"index, follow, max-snippet:-1, max-image-preview:large, max-video-preview:-1\" \/>\n<link rel=\"canonical\" href=\"https:\/\/www.noyale-creations.com\/index.php\/produit\/kit-carres-demaquillants-lavables-5\/\" \/>\n<meta property=\"og:locale\" content=\"fr_FR\" \/>\n<meta property=\"og:type\" content=\"article\" \/>\n<meta property=\"og:title\" content=\"Bourses\/10 carr\u00e9s d\u00e9maquillants lavables\/filet de lavage (fleuris 01) - Noyale-Cr\u00e9ations : Cr\u00e9ations textiles utiles, jolies et durables pour toute la famille et la maison\" \/>\n<meta property=\"og:description\" content=\"Aussi facile \u00e0 utiliser que votre distributeur de cotons jetables, le gaspillage en moins. Ajouter au panier\" \/>\n<meta property=\"og:url\" content=\"https:\/\/www.noyale-creations.com\/index.php\/produit\/kit-carres-demaquillants-lavables-5\/\" \/>\n<meta property=\"og:site_name\" content=\"Noyale-Cr\u00e9ations : Cr\u00e9ations textiles utiles, jolies et durables pour toute la famille et la maison\" \/>\n<meta property=\"article:modified_time\" content=\"2022-03-05T13:24:10+00:00\" \/>\n<meta property=\"og:image\" content=\"https:\/\/www.noyale-creations.com\/wp-content\/uploads\/2020\/07\/BCD033_07.jpg\" \/>\n\t<meta property=\"og:image:width\" content=\"1600\" \/>\n\t<meta property=\"og:image:height\" content=\"1600\" \/>\n\t<meta property=\"og:image:type\" content=\"image\/jpeg\" \/>\n<meta name=\"twitter:card\" content=\"summary_large_image\" \/>\n<meta name=\"twitter:label1\" content=\"Dur\u00e9e de lecture estim\u00e9e\" \/>\n\t<meta name=\"twitter:data1\" content=\"2 minutes\" \/>\n<script type=\"application\/ld+json\" class=\"yoast-schema-graph\">{\"@context\":\"https:\/\/schema.org\",\"@graph\":[{\"@type\":\"WebPage\",\"@id\":\"https:\/\/www.noyale-creations.com\/index.php\/produit\/kit-carres-demaquillants-lavables-5\/\",\"url\":\"https:\/\/www.noyale-creations.com\/index.php\/produit\/kit-carres-demaquillants-lavables-5\/\",\"name\":\"Bourses\/10 carr\u00e9s d\u00e9maquillants lavables\/filet de lavage (fleuris 01) - Noyale-Cr\u00e9ations : Cr\u00e9ations textiles utiles, jolies et durables pour toute la famille et la maison\",\"isPartOf\":{\"@id\":\"https:\/\/www.noyale-creations.com\/#website\"},\"datePublished\":\"2020-07-14T08:36:46+00:00\",\"dateModified\":\"2022-03-05T13:24:10+00:00\",\"breadcrumb\":{\"@id\":\"https:\/\/www.noyale-creations.com\/index.php\/produit\/kit-carres-demaquillants-lavables-5\/#breadcrumb\"},\"inLanguage\":\"fr-FR\",\"potentialAction\":[{\"@type\":\"ReadAction\",\"target\":[\"https:\/\/www.noyale-creations.com\/index.php\/produit\/kit-carres-demaquillants-lavables-5\/\"]}]},{\"@type\":\"BreadcrumbList\",\"@id\":\"https:\/\/www.noyale-creations.com\/index.php\/produit\/kit-carres-demaquillants-lavables-5\/#breadcrumb\",\"itemListElement\":[{\"@type\":\"ListItem\",\"position\":1,\"name\":\"Accueil\",\"item\":\"https:\/\/www.noyale-creations.com\/\"},{\"@type\":\"ListItem\",\"position\":2,\"name\":\"Boutique\",\"item\":\"https:\/\/www.noyale-creations.com\/index.php\/boutique\/\"},{\"@type\":\"ListItem\",\"position\":3,\"name\":\"Bourses\/10 carr\u00e9s d\u00e9maquillants lavables\/filet de lavage (fleuris 01)\"}]},{\"@type\":\"WebSite\",\"@id\":\"https:\/\/www.noyale-creations.com\/#website\",\"url\":\"https:\/\/www.noyale-creations.com\/\",\"name\":\"Noyale-Cr\u00e9ations : Cr\u00e9ations textiles utiles, jolies et durables pour toute la famille et la maison\",\"description\":\"Cr\u00e9ations textiles utiles, jolies et durables pour toute la famille et la maison.\",\"potentialAction\":[{\"@type\":\"SearchAction\",\"target\":{\"@type\":\"EntryPoint\",\"urlTemplate\":\"https:\/\/www.noyale-creations.com\/?s={search_term_string}\"},\"query-input\":\"required name=search_term_string\"}],\"inLanguage\":\"fr-FR\"}]}<\/script>\n<!-- \/ Yoast SEO plugin. -->","yoast_head_json":{"title":"Bourses\/10 carr\u00e9s d\u00e9maquillants lavables\/filet de lavage (fleuris 01) - Noyale-Cr\u00e9ations : Cr\u00e9ations textiles utiles, jolies et durables pour toute la famille et la maison","robots":{"index":"index","follow":"follow","max-snippet":"max-snippet:-1","max-image-preview":"max-image-preview:large","max-video-preview":"max-video-preview:-1"},"canonical":"https:\/\/www.noyale-creations.com\/index.php\/produit\/kit-carres-demaquillants-lavables-5\/","og_locale":"fr_FR","og_type":"article","og_title":"Bourses\/10 carr\u00e9s d\u00e9maquillants lavables\/filet de lavage (fleuris 01) - Noyale-Cr\u00e9ations : Cr\u00e9ations textiles utiles, jolies et durables pour toute la famille et la maison","og_description":"Aussi facile \u00e0 utiliser que votre distributeur de cotons jetables, le gaspillage en moins. Ajouter au panier","og_url":"https:\/\/www.noyale-creations.com\/index.php\/produit\/kit-carres-demaquillants-lavables-5\/","og_site_name":"Noyale-Cr\u00e9ations : Cr\u00e9ations textiles utiles, jolies et durables pour toute la famille et la maison","article_modified_time":"2022-03-05T13:24:10+00:00","og_image":[{"width":1600,"height":1600,"url":"https:\/\/www.noyale-creations.com\/wp-content\/uploads\/2020\/07\/BCD033_07.jpg","type":"image\/jpeg"}],"twitter_card":"summary_large_image","twitter_misc":{"Dur\u00e9e de lecture estim\u00e9e":"2 minutes"},"schema":{"@context":"https:\/\/schema.org","@graph":[{"@type":"WebPage","@id":"https:\/\/www.noyale-creations.com\/index.php\/produit\/kit-carres-demaquillants-lavables-5\/","url":"https:\/\/www.noyale-creations.com\/index.php\/produit\/kit-carres-demaquillants-lavables-5\/","name":"Bourses\/10 carr\u00e9s d\u00e9maquillants lavables\/filet de lavage (fleuris 01) - Noyale-Cr\u00e9ations : Cr\u00e9ations textiles utiles, jolies et durables pour toute la famille et la maison","isPartOf":{"@id":"https:\/\/www.noyale-creations.com\/#website"},"datePublished":"2020-07-14T08:36:46+00:00","dateModified":"2022-03-05T13:24:10+00:00","breadcrumb":{"@id":"https:\/\/www.noyale-creations.com\/index.php\/produit\/kit-carres-demaquillants-lavables-5\/#breadcrumb"},"inLanguage":"fr-FR","potentialAction":[{"@type":"ReadAction","target":["https:\/\/www.noyale-creations.com\/index.php\/produit\/kit-carres-demaquillants-lavables-5\/"]}]},{"@type":"BreadcrumbList","@id":"https:\/\/www.noyale-creations.com\/index.php\/produit\/kit-carres-demaquillants-lavables-5\/#breadcrumb","itemListElement":[{"@type":"ListItem","position":1,"name":"Accueil","item":"https:\/\/www.noyale-creations.com\/"},{"@type":"ListItem","position":2,"name":"Boutique","item":"https:\/\/www.noyale-creations.com\/index.php\/boutique\/"},{"@type":"ListItem","position":3,"name":"Bourses\/10 carr\u00e9s d\u00e9maquillants lavables\/filet de lavage (fleuris 01)"}]},{"@type":"WebSite","@id":"https:\/\/www.noyale-creations.com\/#website","url":"https:\/\/www.noyale-creations.com\/","name":"Noyale-Cr\u00e9ations : Cr\u00e9ations textiles utiles, jolies et durables pour toute la famille et la maison","description":"Cr\u00e9ations textiles utiles, jolies et durables pour toute la famille et la maison.","potentialAction":[{"@type":"SearchAction","target":{"@type":"EntryPoint","urlTemplate":"https:\/\/www.noyale-creations.com\/?s={search_term_string}"},"query-input":"required name=search_term_string"}],"inLanguage":"fr-FR"}]}},"jetpack_sharing_enabled":true,"_links":{"self":[{"href":"https:\/\/www.noyale-creations.com\/index.php\/wp-json\/wp\/v2\/product\/247"}],"collection":[{"href":"https:\/\/www.noyale-creations.com\/index.php\/wp-json\/wp\/v2\/product"}],"about":[{"href":"https:\/\/www.noyale-creations.com\/index.php\/wp-json\/wp\/v2\/types\/product"}],"replies":[{"embeddable":true,"href":"https:\/\/www.noyale-creations.com\/index.php\/wp-json\/wp\/v2\/comments?post=247"}],"wp:featuredmedia":[{"embeddable":true,"href":"https:\/\/www.noyale-creations.com\/index.php\/wp-json\/wp\/v2\/media\/1287"}],"wp:attachment":[{"href":"https:\/\/www.noyale-creations.com\/index.php\/wp-json\/wp\/v2\/media?parent=247"}],"wp:term":[{"taxonomy":"product_cat","embeddable":true,"href":"https:\/\/www.noyale-creations.com\/index.php\/wp-json\/wp\/v2\/product_cat?post=247"},{"taxonomy":"product_tag","embeddable":true,"href":"https:\/\/www.noyale-creations.com\/index.php\/wp-json\/wp\/v2\/product_tag?post=247"}],"curies":[{"name":"wp","href":"https:\/\/api.w.org\/{rel}","templated":true}]}}