{"id":417,"date":"2020-11-01T11:49:59","date_gmt":"2020-11-01T10:49:59","guid":{"rendered":"https:\/\/www.noyale-creations.com\/?post_type=product&#038;p=417"},"modified":"2021-04-23T15:53:04","modified_gmt":"2021-04-23T13:53:04","slug":"hochets-lapin-motifs-animaux","status":"publish","type":"product","link":"https:\/\/www.noyale-creations.com\/index.php\/produit\/hochets-lapin-motifs-animaux\/","title":{"rendered":"Hochets lapin (animaux)"},"content":{"rendered":"<h5><a href=\"https:\/\/www.etsy.com\/fr\/listing\/896503681\/hochets-lapin-motifs-animaux?ref=shop_home_active_1\">Ajouter au panier<\/a><\/h5>\n<p>Quand B\u00e9b\u00e9 arrive \u00e0 l&rsquo;\u00e2ge o\u00f9 il aime tout mettre \u00e0 la bouche, il va m\u00e2chouiller \u00e0 loisir les oreilles en tissu et ses gencives seront apais\u00e9es par l&rsquo;anneau en bois.<\/p>\n<p>B\u00e9b\u00e9 l&rsquo;adore car il est tr\u00e8s l\u00e9ger et facile \u00e0 manier pour ses petites mains.<br \/>\nLes parents l&rsquo;aime car son lavage est tr\u00e8s simple. On d\u00e9fait le n\u0153ud et on passe le tissu \u00e0 la machine \u00e0 laver.<br \/>\nAussit\u00f4t sec, on reforme le n\u0153ud et B\u00e9b\u00e9 retrouve son hochet ador\u00e9.<\/p>\n<p>C&rsquo;est \u00e9galement le cadeau de naissance id\u00e9al \u00e0 associer au panier et ses lingettes coordonn\u00e9es.<\/p>\n<p>Tissu Lavable \u00e0 30\u00b0, pas de s\u00e8che-linge<br \/>\nTissu imprim\u00e9 : coton certifi\u00e9 Oekotex 100<br \/>\nTissu uni : Double gaze de coton certifi\u00e9e oekotex 100<br \/>\nAnneau en bois naturel de h\u00eatre brut, de 70mm test\u00e9 conforme CE d\u00e8s la naissance pour anneau de dentition.<br \/>\nBois de h\u00eatre Europ\u00e9en, issu de for\u00eats PEFC et FSC, selon la norme EN71-1, EN71-3.<\/p>\n<p>Fabriqu\u00e9 \u00e0 la main en France<\/p>\n","protected":false},"excerpt":{"rendered":"<p>Le compagnon id\u00e9al de B\u00e9b\u00e9 qui fait ses dents.<\/p>\n<h5><a href=\"https:\/\/www.etsy.com\/fr\/listing\/896503681\/hochets-lapin-motifs-animaux?ref=shop_home_active_1\">Ajouter au panier<\/a><\/h5>\n","protected":false},"featured_media":947,"comment_status":"open","ping_status":"closed","template":"","meta":[],"product_cat":[76,77],"product_tag":[82,80,79,81],"yoast_head":"<!-- This site is optimized with the Yoast SEO plugin v21.6 - https:\/\/yoast.com\/wordpress\/plugins\/seo\/ -->\n<title>Hochets lapin (animaux) - Noyale-Cr\u00e9ations : Cr\u00e9ations textiles utiles, jolies et durables pour toute la famille et la maison<\/title>\n<meta name=\"robots\" content=\"index, follow, max-snippet:-1, max-image-preview:large, max-video-preview:-1\" \/>\n<link rel=\"canonical\" href=\"https:\/\/www.noyale-creations.com\/index.php\/produit\/hochets-lapin-motifs-animaux\/\" \/>\n<meta property=\"og:locale\" content=\"fr_FR\" \/>\n<meta property=\"og:type\" content=\"article\" \/>\n<meta property=\"og:title\" content=\"Hochets lapin (animaux) - Noyale-Cr\u00e9ations : Cr\u00e9ations textiles utiles, jolies et durables pour toute la famille et la maison\" \/>\n<meta property=\"og:description\" content=\"Le compagnon id\u00e9al de B\u00e9b\u00e9 qui fait ses dents. Ajouter au panier\" \/>\n<meta property=\"og:url\" content=\"https:\/\/www.noyale-creations.com\/index.php\/produit\/hochets-lapin-motifs-animaux\/\" \/>\n<meta property=\"og:site_name\" content=\"Noyale-Cr\u00e9ations : Cr\u00e9ations textiles utiles, jolies et durables pour toute la famille et la maison\" \/>\n<meta property=\"article:modified_time\" content=\"2021-04-23T13:53:04+00:00\" \/>\n<meta property=\"og:image\" content=\"https:\/\/www.noyale-creations.com\/wp-content\/uploads\/2020\/11\/HL040_01.jpg\" \/>\n\t<meta property=\"og:image:width\" content=\"1600\" \/>\n\t<meta property=\"og:image:height\" content=\"1600\" \/>\n\t<meta property=\"og:image:type\" content=\"image\/jpeg\" \/>\n<meta name=\"twitter:card\" content=\"summary_large_image\" \/>\n<meta name=\"twitter:label1\" content=\"Dur\u00e9e de lecture estim\u00e9e\" \/>\n\t<meta name=\"twitter:data1\" content=\"1 minute\" \/>\n<script type=\"application\/ld+json\" class=\"yoast-schema-graph\">{\"@context\":\"https:\/\/schema.org\",\"@graph\":[{\"@type\":\"WebPage\",\"@id\":\"https:\/\/www.noyale-creations.com\/index.php\/produit\/hochets-lapin-motifs-animaux\/\",\"url\":\"https:\/\/www.noyale-creations.com\/index.php\/produit\/hochets-lapin-motifs-animaux\/\",\"name\":\"Hochets lapin (animaux) - Noyale-Cr\u00e9ations : Cr\u00e9ations textiles utiles, jolies et durables pour toute la famille et la maison\",\"isPartOf\":{\"@id\":\"https:\/\/www.noyale-creations.com\/#website\"},\"datePublished\":\"2020-11-01T10:49:59+00:00\",\"dateModified\":\"2021-04-23T13:53:04+00:00\",\"breadcrumb\":{\"@id\":\"https:\/\/www.noyale-creations.com\/index.php\/produit\/hochets-lapin-motifs-animaux\/#breadcrumb\"},\"inLanguage\":\"fr-FR\",\"potentialAction\":[{\"@type\":\"ReadAction\",\"target\":[\"https:\/\/www.noyale-creations.com\/index.php\/produit\/hochets-lapin-motifs-animaux\/\"]}]},{\"@type\":\"BreadcrumbList\",\"@id\":\"https:\/\/www.noyale-creations.com\/index.php\/produit\/hochets-lapin-motifs-animaux\/#breadcrumb\",\"itemListElement\":[{\"@type\":\"ListItem\",\"position\":1,\"name\":\"Accueil\",\"item\":\"https:\/\/www.noyale-creations.com\/\"},{\"@type\":\"ListItem\",\"position\":2,\"name\":\"Boutique\",\"item\":\"https:\/\/www.noyale-creations.com\/index.php\/boutique\/\"},{\"@type\":\"ListItem\",\"position\":3,\"name\":\"Hochets lapin (animaux)\"}]},{\"@type\":\"WebSite\",\"@id\":\"https:\/\/www.noyale-creations.com\/#website\",\"url\":\"https:\/\/www.noyale-creations.com\/\",\"name\":\"Noyale-Cr\u00e9ations : Cr\u00e9ations textiles utiles, jolies et durables pour toute la famille et la maison\",\"description\":\"Cr\u00e9ations textiles utiles, jolies et durables pour toute la famille et la maison.\",\"potentialAction\":[{\"@type\":\"SearchAction\",\"target\":{\"@type\":\"EntryPoint\",\"urlTemplate\":\"https:\/\/www.noyale-creations.com\/?s={search_term_string}\"},\"query-input\":\"required name=search_term_string\"}],\"inLanguage\":\"fr-FR\"}]}<\/script>\n<!-- \/ Yoast SEO plugin. -->","yoast_head_json":{"title":"Hochets lapin (animaux) - Noyale-Cr\u00e9ations : Cr\u00e9ations textiles utiles, jolies et durables pour toute la famille et la maison","robots":{"index":"index","follow":"follow","max-snippet":"max-snippet:-1","max-image-preview":"max-image-preview:large","max-video-preview":"max-video-preview:-1"},"canonical":"https:\/\/www.noyale-creations.com\/index.php\/produit\/hochets-lapin-motifs-animaux\/","og_locale":"fr_FR","og_type":"article","og_title":"Hochets lapin (animaux) - Noyale-Cr\u00e9ations : Cr\u00e9ations textiles utiles, jolies et durables pour toute la famille et la maison","og_description":"Le compagnon id\u00e9al de B\u00e9b\u00e9 qui fait ses dents. Ajouter au panier","og_url":"https:\/\/www.noyale-creations.com\/index.php\/produit\/hochets-lapin-motifs-animaux\/","og_site_name":"Noyale-Cr\u00e9ations : Cr\u00e9ations textiles utiles, jolies et durables pour toute la famille et la maison","article_modified_time":"2021-04-23T13:53:04+00:00","og_image":[{"width":1600,"height":1600,"url":"https:\/\/www.noyale-creations.com\/wp-content\/uploads\/2020\/11\/HL040_01.jpg","type":"image\/jpeg"}],"twitter_card":"summary_large_image","twitter_misc":{"Dur\u00e9e de lecture estim\u00e9e":"1 minute"},"schema":{"@context":"https:\/\/schema.org","@graph":[{"@type":"WebPage","@id":"https:\/\/www.noyale-creations.com\/index.php\/produit\/hochets-lapin-motifs-animaux\/","url":"https:\/\/www.noyale-creations.com\/index.php\/produit\/hochets-lapin-motifs-animaux\/","name":"Hochets lapin (animaux) - Noyale-Cr\u00e9ations : Cr\u00e9ations textiles utiles, jolies et durables pour toute la famille et la maison","isPartOf":{"@id":"https:\/\/www.noyale-creations.com\/#website"},"datePublished":"2020-11-01T10:49:59+00:00","dateModified":"2021-04-23T13:53:04+00:00","breadcrumb":{"@id":"https:\/\/www.noyale-creations.com\/index.php\/produit\/hochets-lapin-motifs-animaux\/#breadcrumb"},"inLanguage":"fr-FR","potentialAction":[{"@type":"ReadAction","target":["https:\/\/www.noyale-creations.com\/index.php\/produit\/hochets-lapin-motifs-animaux\/"]}]},{"@type":"BreadcrumbList","@id":"https:\/\/www.noyale-creations.com\/index.php\/produit\/hochets-lapin-motifs-animaux\/#breadcrumb","itemListElement":[{"@type":"ListItem","position":1,"name":"Accueil","item":"https:\/\/www.noyale-creations.com\/"},{"@type":"ListItem","position":2,"name":"Boutique","item":"https:\/\/www.noyale-creations.com\/index.php\/boutique\/"},{"@type":"ListItem","position":3,"name":"Hochets lapin (animaux)"}]},{"@type":"WebSite","@id":"https:\/\/www.noyale-creations.com\/#website","url":"https:\/\/www.noyale-creations.com\/","name":"Noyale-Cr\u00e9ations : Cr\u00e9ations textiles utiles, jolies et durables pour toute la famille et la maison","description":"Cr\u00e9ations textiles utiles, jolies et durables pour toute la famille et la maison.","potentialAction":[{"@type":"SearchAction","target":{"@type":"EntryPoint","urlTemplate":"https:\/\/www.noyale-creations.com\/?s={search_term_string}"},"query-input":"required name=search_term_string"}],"inLanguage":"fr-FR"}]}},"jetpack_sharing_enabled":true,"_links":{"self":[{"href":"https:\/\/www.noyale-creations.com\/index.php\/wp-json\/wp\/v2\/product\/417"}],"collection":[{"href":"https:\/\/www.noyale-creations.com\/index.php\/wp-json\/wp\/v2\/product"}],"about":[{"href":"https:\/\/www.noyale-creations.com\/index.php\/wp-json\/wp\/v2\/types\/product"}],"replies":[{"embeddable":true,"href":"https:\/\/www.noyale-creations.com\/index.php\/wp-json\/wp\/v2\/comments?post=417"}],"wp:featuredmedia":[{"embeddable":true,"href":"https:\/\/www.noyale-creations.com\/index.php\/wp-json\/wp\/v2\/media\/947"}],"wp:attachment":[{"href":"https:\/\/www.noyale-creations.com\/index.php\/wp-json\/wp\/v2\/media?parent=417"}],"wp:term":[{"taxonomy":"product_cat","embeddable":true,"href":"https:\/\/www.noyale-creations.com\/index.php\/wp-json\/wp\/v2\/product_cat?post=417"},{"taxonomy":"product_tag","embeddable":true,"href":"https:\/\/www.noyale-creations.com\/index.php\/wp-json\/wp\/v2\/product_tag?post=417"}],"curies":[{"name":"wp","href":"https:\/\/api.w.org\/{rel}","templated":true}]}}