{"id":526,"date":"2020-12-08T22:16:01","date_gmt":"2020-12-08T21:16:01","guid":{"rendered":"https:\/\/www.noyale-creations.com\/?post_type=product&#038;p=526"},"modified":"2022-02-27T08:02:52","modified_gmt":"2022-02-27T07:02:52","slug":"lot-pochettes-a-livres-4","status":"publish","type":"product","link":"https:\/\/www.noyale-creations.com\/index.php\/produit\/lot-pochettes-a-livres-4\/","title":{"rendered":"Lot pochettes \u00e0 livres"},"content":{"rendered":"<h5><a href=\"https:\/\/www.etsy.com\/fr\/listing\/920752365\/lot-pochettes-a-livres?ref=shop_home_active_1\">Ajouter au panier<\/a><\/h5>\n<p>Ce lot de pochettes \u00e0 livres comprend deux pochettes et un marque-page.<br \/>\nLa pochette de format poche peut contenir un livre de 900 pages ou un liseuse tandis que la plus grande peut contenir la majorit\u00e9 des livres de format moyen.<br \/>\nL&rsquo;ourlet permet de s&rsquo;adapter \u00e0 la hauteur de votre livre.<br \/>\nMat\u00e9riaux : coton imprim\u00e9 et tissu uni certifi\u00e9 Oekotex 100<br \/>\nDimensions : petit format 16\/25cm<br \/>\n             grand format 21\/30cm<br \/>\n             marque-page 7\/7cm<br \/>\nArticles faits main, les dimensions peuvent l\u00e9g\u00e8rement vari\u00e9es<br \/>\nLavable \u00e0 30\u00b0C, pas de s\u00e8che-linge<\/p>\n<p>Fabriqu\u00e9 en France.<\/p>\n","protected":false},"excerpt":{"rendered":"<p>Prot\u00e8ge votre livre partout o\u00f9 vous l&#8217;emportez<br \/>\nOn glisse tout simplement le livre \u00e0 l&rsquo;int\u00e9rieur<br \/>\nLot de 2 pochettes+1 marque-page<\/p>\n<h5><a href=\"https:\/\/www.etsy.com\/fr\/listing\/920752365\/lot-pochettes-a-livres?ref=shop_home_active_1\">Ajouter au panier<\/a><\/h5>\n","protected":false},"featured_media":899,"comment_status":"closed","ping_status":"closed","template":"","meta":[],"product_cat":[59,236],"product_tag":[60],"yoast_head":"<!-- This site is optimized with the Yoast SEO plugin v21.6 - https:\/\/yoast.com\/wordpress\/plugins\/seo\/ -->\n<title>Lot pochettes \u00e0 livres - Noyale-Cr\u00e9ations : Cr\u00e9ations textiles utiles, jolies et durables pour toute la famille et la maison<\/title>\n<meta name=\"robots\" content=\"index, follow, max-snippet:-1, max-image-preview:large, max-video-preview:-1\" \/>\n<link rel=\"canonical\" href=\"https:\/\/www.noyale-creations.com\/index.php\/produit\/lot-pochettes-a-livres-4\/\" \/>\n<meta property=\"og:locale\" content=\"fr_FR\" \/>\n<meta property=\"og:type\" content=\"article\" \/>\n<meta property=\"og:title\" content=\"Lot pochettes \u00e0 livres - Noyale-Cr\u00e9ations : Cr\u00e9ations textiles utiles, jolies et durables pour toute la famille et la maison\" \/>\n<meta property=\"og:description\" content=\"Prot\u00e8ge votre livre partout o\u00f9 vous l&#039;emportez On glisse tout simplement le livre \u00e0 l&#039;int\u00e9rieur Lot de 2 pochettes+1 marque-page Ajouter au panier\" \/>\n<meta property=\"og:url\" content=\"https:\/\/www.noyale-creations.com\/index.php\/produit\/lot-pochettes-a-livres-4\/\" \/>\n<meta property=\"og:site_name\" content=\"Noyale-Cr\u00e9ations : Cr\u00e9ations textiles utiles, jolies et durables pour toute la famille et la maison\" \/>\n<meta property=\"article:modified_time\" content=\"2022-02-27T07:02:52+00:00\" \/>\n<meta property=\"og:image\" content=\"https:\/\/www.noyale-creations.com\/wp-content\/uploads\/2020\/12\/PAL053_06.jpg\" \/>\n\t<meta property=\"og:image:width\" content=\"1600\" \/>\n\t<meta property=\"og:image:height\" content=\"1600\" \/>\n\t<meta property=\"og:image:type\" content=\"image\/jpeg\" \/>\n<meta name=\"twitter:card\" content=\"summary_large_image\" \/>\n<script type=\"application\/ld+json\" class=\"yoast-schema-graph\">{\"@context\":\"https:\/\/schema.org\",\"@graph\":[{\"@type\":\"WebPage\",\"@id\":\"https:\/\/www.noyale-creations.com\/index.php\/produit\/lot-pochettes-a-livres-4\/\",\"url\":\"https:\/\/www.noyale-creations.com\/index.php\/produit\/lot-pochettes-a-livres-4\/\",\"name\":\"Lot pochettes \u00e0 livres - Noyale-Cr\u00e9ations : Cr\u00e9ations textiles utiles, jolies et durables pour toute la famille et la maison\",\"isPartOf\":{\"@id\":\"https:\/\/www.noyale-creations.com\/#website\"},\"datePublished\":\"2020-12-08T21:16:01+00:00\",\"dateModified\":\"2022-02-27T07:02:52+00:00\",\"breadcrumb\":{\"@id\":\"https:\/\/www.noyale-creations.com\/index.php\/produit\/lot-pochettes-a-livres-4\/#breadcrumb\"},\"inLanguage\":\"fr-FR\",\"potentialAction\":[{\"@type\":\"ReadAction\",\"target\":[\"https:\/\/www.noyale-creations.com\/index.php\/produit\/lot-pochettes-a-livres-4\/\"]}]},{\"@type\":\"BreadcrumbList\",\"@id\":\"https:\/\/www.noyale-creations.com\/index.php\/produit\/lot-pochettes-a-livres-4\/#breadcrumb\",\"itemListElement\":[{\"@type\":\"ListItem\",\"position\":1,\"name\":\"Accueil\",\"item\":\"https:\/\/www.noyale-creations.com\/\"},{\"@type\":\"ListItem\",\"position\":2,\"name\":\"Boutique\",\"item\":\"https:\/\/www.noyale-creations.com\/index.php\/boutique\/\"},{\"@type\":\"ListItem\",\"position\":3,\"name\":\"Lot pochettes \u00e0 livres\"}]},{\"@type\":\"WebSite\",\"@id\":\"https:\/\/www.noyale-creations.com\/#website\",\"url\":\"https:\/\/www.noyale-creations.com\/\",\"name\":\"Noyale-Cr\u00e9ations : Cr\u00e9ations textiles utiles, jolies et durables pour toute la famille et la maison\",\"description\":\"Cr\u00e9ations textiles utiles, jolies et durables pour toute la famille et la maison.\",\"potentialAction\":[{\"@type\":\"SearchAction\",\"target\":{\"@type\":\"EntryPoint\",\"urlTemplate\":\"https:\/\/www.noyale-creations.com\/?s={search_term_string}\"},\"query-input\":\"required name=search_term_string\"}],\"inLanguage\":\"fr-FR\"}]}<\/script>\n<!-- \/ Yoast SEO plugin. -->","yoast_head_json":{"title":"Lot pochettes \u00e0 livres - Noyale-Cr\u00e9ations : Cr\u00e9ations textiles utiles, jolies et durables pour toute la famille et la maison","robots":{"index":"index","follow":"follow","max-snippet":"max-snippet:-1","max-image-preview":"max-image-preview:large","max-video-preview":"max-video-preview:-1"},"canonical":"https:\/\/www.noyale-creations.com\/index.php\/produit\/lot-pochettes-a-livres-4\/","og_locale":"fr_FR","og_type":"article","og_title":"Lot pochettes \u00e0 livres - Noyale-Cr\u00e9ations : Cr\u00e9ations textiles utiles, jolies et durables pour toute la famille et la maison","og_description":"Prot\u00e8ge votre livre partout o\u00f9 vous l'emportez On glisse tout simplement le livre \u00e0 l'int\u00e9rieur Lot de 2 pochettes+1 marque-page Ajouter au panier","og_url":"https:\/\/www.noyale-creations.com\/index.php\/produit\/lot-pochettes-a-livres-4\/","og_site_name":"Noyale-Cr\u00e9ations : Cr\u00e9ations textiles utiles, jolies et durables pour toute la famille et la maison","article_modified_time":"2022-02-27T07:02:52+00:00","og_image":[{"width":1600,"height":1600,"url":"https:\/\/www.noyale-creations.com\/wp-content\/uploads\/2020\/12\/PAL053_06.jpg","type":"image\/jpeg"}],"twitter_card":"summary_large_image","schema":{"@context":"https:\/\/schema.org","@graph":[{"@type":"WebPage","@id":"https:\/\/www.noyale-creations.com\/index.php\/produit\/lot-pochettes-a-livres-4\/","url":"https:\/\/www.noyale-creations.com\/index.php\/produit\/lot-pochettes-a-livres-4\/","name":"Lot pochettes \u00e0 livres - Noyale-Cr\u00e9ations : Cr\u00e9ations textiles utiles, jolies et durables pour toute la famille et la maison","isPartOf":{"@id":"https:\/\/www.noyale-creations.com\/#website"},"datePublished":"2020-12-08T21:16:01+00:00","dateModified":"2022-02-27T07:02:52+00:00","breadcrumb":{"@id":"https:\/\/www.noyale-creations.com\/index.php\/produit\/lot-pochettes-a-livres-4\/#breadcrumb"},"inLanguage":"fr-FR","potentialAction":[{"@type":"ReadAction","target":["https:\/\/www.noyale-creations.com\/index.php\/produit\/lot-pochettes-a-livres-4\/"]}]},{"@type":"BreadcrumbList","@id":"https:\/\/www.noyale-creations.com\/index.php\/produit\/lot-pochettes-a-livres-4\/#breadcrumb","itemListElement":[{"@type":"ListItem","position":1,"name":"Accueil","item":"https:\/\/www.noyale-creations.com\/"},{"@type":"ListItem","position":2,"name":"Boutique","item":"https:\/\/www.noyale-creations.com\/index.php\/boutique\/"},{"@type":"ListItem","position":3,"name":"Lot pochettes \u00e0 livres"}]},{"@type":"WebSite","@id":"https:\/\/www.noyale-creations.com\/#website","url":"https:\/\/www.noyale-creations.com\/","name":"Noyale-Cr\u00e9ations : Cr\u00e9ations textiles utiles, jolies et durables pour toute la famille et la maison","description":"Cr\u00e9ations textiles utiles, jolies et durables pour toute la famille et la maison.","potentialAction":[{"@type":"SearchAction","target":{"@type":"EntryPoint","urlTemplate":"https:\/\/www.noyale-creations.com\/?s={search_term_string}"},"query-input":"required name=search_term_string"}],"inLanguage":"fr-FR"}]}},"jetpack_sharing_enabled":true,"_links":{"self":[{"href":"https:\/\/www.noyale-creations.com\/index.php\/wp-json\/wp\/v2\/product\/526"}],"collection":[{"href":"https:\/\/www.noyale-creations.com\/index.php\/wp-json\/wp\/v2\/product"}],"about":[{"href":"https:\/\/www.noyale-creations.com\/index.php\/wp-json\/wp\/v2\/types\/product"}],"replies":[{"embeddable":true,"href":"https:\/\/www.noyale-creations.com\/index.php\/wp-json\/wp\/v2\/comments?post=526"}],"wp:featuredmedia":[{"embeddable":true,"href":"https:\/\/www.noyale-creations.com\/index.php\/wp-json\/wp\/v2\/media\/899"}],"wp:attachment":[{"href":"https:\/\/www.noyale-creations.com\/index.php\/wp-json\/wp\/v2\/media?parent=526"}],"wp:term":[{"taxonomy":"product_cat","embeddable":true,"href":"https:\/\/www.noyale-creations.com\/index.php\/wp-json\/wp\/v2\/product_cat?post=526"},{"taxonomy":"product_tag","embeddable":true,"href":"https:\/\/www.noyale-creations.com\/index.php\/wp-json\/wp\/v2\/product_tag?post=526"}],"curies":[{"name":"wp","href":"https:\/\/api.w.org\/{rel}","templated":true}]}}