{"id":860,"date":"2021-02-18T21:18:05","date_gmt":"2021-02-18T20:18:05","guid":{"rendered":"https:\/\/www.noyale-creations.com\/?post_type=product&#038;p=860"},"modified":"2022-03-05T15:19:25","modified_gmt":"2022-03-05T14:19:25","slug":"etuis-a-savon-feuillages","status":"publish","type":"product","link":"https:\/\/www.noyale-creations.com\/index.php\/produit\/etuis-a-savon-feuillages\/","title":{"rendered":"\u00c9tuis \u00e0 savon (feuillages)"},"content":{"rendered":"<h5><a href=\"https:\/\/www.etsy.com\/fr\/listing\/951591172\/etuis-a-savon-feuillages?ref=shop_home_active_1\">Ajouter au panier<\/a><\/h5>\n<p>\u00c9tui con\u00e7u pour un savon de 150 gr environ ou votre shampoing solide.<br \/>\nPratique pour les sportifs : tr\u00e8s vite lorsque votre savon est entam\u00e9, vous pouvez y mettre \u00e0 la fois le savon et le shampoing.<\/p>\n<p>L&rsquo;\u00e9tui est compos\u00e9 d&rsquo;un tissu imprim\u00e9 et doubl\u00e9 d&rsquo;une double gaze de coton. Un petit cordon vient enlacer l&rsquo;\u00e9tui pour le fermer \u00e0 l&rsquo;aide d&rsquo;une perle de bois.<\/p>\n<p>La double gaze de coton absorbe l&rsquo;humidit\u00e9 de vos savons tandis que le coton non-enduit permet \u00e0 votre savon de respirer et de s\u00e9cher en \u00e9vitant tout composant plastique. <\/p>\n<p>Pour avoir un joli ensemble z\u00e9ro-d\u00e9chet, compl\u00e9tez votre achat en associant  nos \u00e9tuis \u00e0 savon \u00e0 nos bourses\/carr\u00e9s d\u00e9maquillants en tissus coordonn\u00e9s. <\/p>\n<p>Petit + : vous pouvez  d\u00e9tourner notre \u00e9tui pour y mettre tout autre chose comme des mouchoirs en tissu, quelques carr\u00e9s d\u00e9maquillants ou encore votre carte d&rsquo;identit\u00e9.<\/p>\n<p>Mat\u00e9riaux :<br \/>\ntissu imprim\u00e9 en coton certifi\u00e9 Oekotex 100<br \/>\ndouble gaze de coton certifi\u00e9 Oekotex 100<br \/>\ncordon en chanvre<br \/>\nperle en bois de h\u00eatre<\/p>\n<p>Dimensions de l&rsquo;\u00e9tui ferm\u00e9 : hauteur 9cm, largeur 12cm, cordon 30cm environ<\/p>\n<p>Fabriqu\u00e9 \u00e0 la main en France.  <\/p>\n","protected":false},"excerpt":{"rendered":"<p>\u00c9tui con\u00e7u pour un savon de 150 gr environ ou votre shampoing solide.<\/p>\n<h5><a href=\"https:\/\/www.etsy.com\/fr\/listing\/951591172\/etuis-a-savon-feuillages?ref=shop_home_active_1\">Ajouter au panier<\/a><\/h5>\n","protected":false},"featured_media":957,"comment_status":"closed","ping_status":"closed","template":"","meta":[],"product_cat":[238,59,51],"product_tag":[64,65],"yoast_head":"<!-- This site is optimized with the Yoast SEO plugin v21.6 - https:\/\/yoast.com\/wordpress\/plugins\/seo\/ -->\n<title>\u00c9tuis \u00e0 savon (feuillages) - Noyale-Cr\u00e9ations : Cr\u00e9ations textiles utiles, jolies et durables pour toute la famille et la maison<\/title>\n<meta name=\"robots\" content=\"index, follow, max-snippet:-1, max-image-preview:large, max-video-preview:-1\" \/>\n<link rel=\"canonical\" href=\"https:\/\/www.noyale-creations.com\/index.php\/produit\/etuis-a-savon-feuillages\/\" \/>\n<meta property=\"og:locale\" content=\"fr_FR\" \/>\n<meta property=\"og:type\" content=\"article\" \/>\n<meta property=\"og:title\" content=\"\u00c9tuis \u00e0 savon (feuillages) - Noyale-Cr\u00e9ations : Cr\u00e9ations textiles utiles, jolies et durables pour toute la famille et la maison\" \/>\n<meta property=\"og:description\" content=\"\u00c9tui con\u00e7u pour un savon de 150 gr environ ou votre shampoing solide. Ajouter au panier\" \/>\n<meta property=\"og:url\" content=\"https:\/\/www.noyale-creations.com\/index.php\/produit\/etuis-a-savon-feuillages\/\" \/>\n<meta property=\"og:site_name\" content=\"Noyale-Cr\u00e9ations : Cr\u00e9ations textiles utiles, jolies et durables pour toute la famille et la maison\" \/>\n<meta property=\"article:modified_time\" content=\"2022-03-05T14:19:25+00:00\" \/>\n<meta property=\"og:image\" content=\"https:\/\/www.noyale-creations.com\/wp-content\/uploads\/2021\/02\/ES037_01-1.jpg\" \/>\n\t<meta property=\"og:image:width\" content=\"1600\" \/>\n\t<meta property=\"og:image:height\" content=\"1600\" \/>\n\t<meta property=\"og:image:type\" content=\"image\/jpeg\" \/>\n<meta name=\"twitter:card\" content=\"summary_large_image\" \/>\n<meta name=\"twitter:label1\" content=\"Dur\u00e9e de lecture estim\u00e9e\" \/>\n\t<meta name=\"twitter:data1\" content=\"1 minute\" \/>\n<script type=\"application\/ld+json\" class=\"yoast-schema-graph\">{\"@context\":\"https:\/\/schema.org\",\"@graph\":[{\"@type\":\"WebPage\",\"@id\":\"https:\/\/www.noyale-creations.com\/index.php\/produit\/etuis-a-savon-feuillages\/\",\"url\":\"https:\/\/www.noyale-creations.com\/index.php\/produit\/etuis-a-savon-feuillages\/\",\"name\":\"\u00c9tuis \u00e0 savon (feuillages) - Noyale-Cr\u00e9ations : Cr\u00e9ations textiles utiles, jolies et durables pour toute la famille et la maison\",\"isPartOf\":{\"@id\":\"https:\/\/www.noyale-creations.com\/#website\"},\"datePublished\":\"2021-02-18T20:18:05+00:00\",\"dateModified\":\"2022-03-05T14:19:25+00:00\",\"breadcrumb\":{\"@id\":\"https:\/\/www.noyale-creations.com\/index.php\/produit\/etuis-a-savon-feuillages\/#breadcrumb\"},\"inLanguage\":\"fr-FR\",\"potentialAction\":[{\"@type\":\"ReadAction\",\"target\":[\"https:\/\/www.noyale-creations.com\/index.php\/produit\/etuis-a-savon-feuillages\/\"]}]},{\"@type\":\"BreadcrumbList\",\"@id\":\"https:\/\/www.noyale-creations.com\/index.php\/produit\/etuis-a-savon-feuillages\/#breadcrumb\",\"itemListElement\":[{\"@type\":\"ListItem\",\"position\":1,\"name\":\"Accueil\",\"item\":\"https:\/\/www.noyale-creations.com\/\"},{\"@type\":\"ListItem\",\"position\":2,\"name\":\"Boutique\",\"item\":\"https:\/\/www.noyale-creations.com\/index.php\/boutique\/\"},{\"@type\":\"ListItem\",\"position\":3,\"name\":\"\u00c9tuis \u00e0 savon (feuillages)\"}]},{\"@type\":\"WebSite\",\"@id\":\"https:\/\/www.noyale-creations.com\/#website\",\"url\":\"https:\/\/www.noyale-creations.com\/\",\"name\":\"Noyale-Cr\u00e9ations : Cr\u00e9ations textiles utiles, jolies et durables pour toute la famille et la maison\",\"description\":\"Cr\u00e9ations textiles utiles, jolies et durables pour toute la famille et la maison.\",\"potentialAction\":[{\"@type\":\"SearchAction\",\"target\":{\"@type\":\"EntryPoint\",\"urlTemplate\":\"https:\/\/www.noyale-creations.com\/?s={search_term_string}\"},\"query-input\":\"required name=search_term_string\"}],\"inLanguage\":\"fr-FR\"}]}<\/script>\n<!-- \/ Yoast SEO plugin. -->","yoast_head_json":{"title":"\u00c9tuis \u00e0 savon (feuillages) - Noyale-Cr\u00e9ations : Cr\u00e9ations textiles utiles, jolies et durables pour toute la famille et la maison","robots":{"index":"index","follow":"follow","max-snippet":"max-snippet:-1","max-image-preview":"max-image-preview:large","max-video-preview":"max-video-preview:-1"},"canonical":"https:\/\/www.noyale-creations.com\/index.php\/produit\/etuis-a-savon-feuillages\/","og_locale":"fr_FR","og_type":"article","og_title":"\u00c9tuis \u00e0 savon (feuillages) - Noyale-Cr\u00e9ations : Cr\u00e9ations textiles utiles, jolies et durables pour toute la famille et la maison","og_description":"\u00c9tui con\u00e7u pour un savon de 150 gr environ ou votre shampoing solide. Ajouter au panier","og_url":"https:\/\/www.noyale-creations.com\/index.php\/produit\/etuis-a-savon-feuillages\/","og_site_name":"Noyale-Cr\u00e9ations : Cr\u00e9ations textiles utiles, jolies et durables pour toute la famille et la maison","article_modified_time":"2022-03-05T14:19:25+00:00","og_image":[{"width":1600,"height":1600,"url":"https:\/\/www.noyale-creations.com\/wp-content\/uploads\/2021\/02\/ES037_01-1.jpg","type":"image\/jpeg"}],"twitter_card":"summary_large_image","twitter_misc":{"Dur\u00e9e de lecture estim\u00e9e":"1 minute"},"schema":{"@context":"https:\/\/schema.org","@graph":[{"@type":"WebPage","@id":"https:\/\/www.noyale-creations.com\/index.php\/produit\/etuis-a-savon-feuillages\/","url":"https:\/\/www.noyale-creations.com\/index.php\/produit\/etuis-a-savon-feuillages\/","name":"\u00c9tuis \u00e0 savon (feuillages) - Noyale-Cr\u00e9ations : Cr\u00e9ations textiles utiles, jolies et durables pour toute la famille et la maison","isPartOf":{"@id":"https:\/\/www.noyale-creations.com\/#website"},"datePublished":"2021-02-18T20:18:05+00:00","dateModified":"2022-03-05T14:19:25+00:00","breadcrumb":{"@id":"https:\/\/www.noyale-creations.com\/index.php\/produit\/etuis-a-savon-feuillages\/#breadcrumb"},"inLanguage":"fr-FR","potentialAction":[{"@type":"ReadAction","target":["https:\/\/www.noyale-creations.com\/index.php\/produit\/etuis-a-savon-feuillages\/"]}]},{"@type":"BreadcrumbList","@id":"https:\/\/www.noyale-creations.com\/index.php\/produit\/etuis-a-savon-feuillages\/#breadcrumb","itemListElement":[{"@type":"ListItem","position":1,"name":"Accueil","item":"https:\/\/www.noyale-creations.com\/"},{"@type":"ListItem","position":2,"name":"Boutique","item":"https:\/\/www.noyale-creations.com\/index.php\/boutique\/"},{"@type":"ListItem","position":3,"name":"\u00c9tuis \u00e0 savon (feuillages)"}]},{"@type":"WebSite","@id":"https:\/\/www.noyale-creations.com\/#website","url":"https:\/\/www.noyale-creations.com\/","name":"Noyale-Cr\u00e9ations : Cr\u00e9ations textiles utiles, jolies et durables pour toute la famille et la maison","description":"Cr\u00e9ations textiles utiles, jolies et durables pour toute la famille et la maison.","potentialAction":[{"@type":"SearchAction","target":{"@type":"EntryPoint","urlTemplate":"https:\/\/www.noyale-creations.com\/?s={search_term_string}"},"query-input":"required name=search_term_string"}],"inLanguage":"fr-FR"}]}},"jetpack_sharing_enabled":true,"_links":{"self":[{"href":"https:\/\/www.noyale-creations.com\/index.php\/wp-json\/wp\/v2\/product\/860"}],"collection":[{"href":"https:\/\/www.noyale-creations.com\/index.php\/wp-json\/wp\/v2\/product"}],"about":[{"href":"https:\/\/www.noyale-creations.com\/index.php\/wp-json\/wp\/v2\/types\/product"}],"replies":[{"embeddable":true,"href":"https:\/\/www.noyale-creations.com\/index.php\/wp-json\/wp\/v2\/comments?post=860"}],"wp:featuredmedia":[{"embeddable":true,"href":"https:\/\/www.noyale-creations.com\/index.php\/wp-json\/wp\/v2\/media\/957"}],"wp:attachment":[{"href":"https:\/\/www.noyale-creations.com\/index.php\/wp-json\/wp\/v2\/media?parent=860"}],"wp:term":[{"taxonomy":"product_cat","embeddable":true,"href":"https:\/\/www.noyale-creations.com\/index.php\/wp-json\/wp\/v2\/product_cat?post=860"},{"taxonomy":"product_tag","embeddable":true,"href":"https:\/\/www.noyale-creations.com\/index.php\/wp-json\/wp\/v2\/product_tag?post=860"}],"curies":[{"name":"wp","href":"https:\/\/api.w.org\/{rel}","templated":true}]}}