{"id":873,"date":"2021-02-24T18:02:23","date_gmt":"2021-02-24T17:02:23","guid":{"rendered":"https:\/\/www.noyale-creations.com\/?post_type=product&#038;p=873"},"modified":"2022-09-04T22:21:56","modified_gmt":"2022-09-04T20:21:56","slug":"carres-essuie-tout-et-panier","status":"publish","type":"product","link":"https:\/\/www.noyale-creations.com\/index.php\/produit\/carres-essuie-tout-et-panier\/","title":{"rendered":"Carr\u00e9s essuie-tout et panier"},"content":{"rendered":"<h5><a href=\"https:\/\/www.etsy.com\/fr\/listing\/955237216\/carres-essuie-tout-et-panier?ref=shop_home_active_1\">Ajouter au panier<\/a><\/h5>\n<p>Panier et 7 essuies-tout.<br \/>\nL\u2019essuie-tout durable, aussi simple \u00e0 utiliser que le \u00ab Sop*lin \u00bb.<br \/>\nQue ce soit dans la cuisine ou la salle de bain : la table, le plan de travail, le sol, les vitres, le miroir, la vasque ou la figure du petit-dernier, ce carr\u00e9 de bambou essuie tout.<br \/>\n\u00ab\u00a0J\u2019essuie, j\u2019y reste\u00a0\u00bb : un passage dans la machine \u00e0 laver avec votre linge habituel, et c\u2019est reparti pour un tour !<\/p>\n<p>Mat\u00e9riaux panier : coton imprim\u00e9 \u00e9pais certifi\u00e9 Oeko-tex standard<br \/>\n                   coton fin certifi\u00e9 Oeko-tex standrard<\/p>\n<p>Dimensions panier : 11 cm x 9 cm x 15 cm (avant ourlet)<\/p>\n<p>Entretien panier : Lavage \u00e0 30\u00b0<br \/>\n                   Pas de s\u00e8che-linge<\/p>\n<p>Mat\u00e9riaux essuie-tout : Tissu bambou certifi\u00e9 Oeko-tex standard<br \/>\n                        40% bambou, 20% coton, 40% polyester<\/p>\n<p>Dimensions essuie-tout : 18 cm x 18 cm<\/p>\n<p>Entretien essuie-tout : Lavage \u00e0 40\u00b0<br \/>\n                        S\u00e8che-linge doux<\/p>\n<p>Fabriqu\u00e9 en France.<\/p>\n","protected":false},"excerpt":{"rendered":"<p>L\u2019essuie-tout durable, aussi simple \u00e0 utiliser que le \u00ab S \u00bb.<br \/>\nQue ce soit dans la cuisine ou la salle de bain : la table, le plan de travail, le sol, les vitres, le miroir, la vasque ou la figure du petit-dernier, ce carr\u00e9 de bambou essuie tout.<br \/>\n\u00ab\u00a0J\u2019essuie, j\u2019y reste\u00a0\u00bb : un passage dans la machine \u00e0 laver avec votre linge habituel, et c\u2019est reparti pour un tour !<\/p>\n<h5><a href=\"https:\/\/www.etsy.com\/fr\/listing\/955237216\/carres-essuie-tout-et-panier?ref=shop_home_active_1\">Ajouter au panier<\/a><\/h5>\n","protected":false},"featured_media":1255,"comment_status":"closed","ping_status":"closed","template":"","meta":[],"product_cat":[61,51],"product_tag":[209],"yoast_head":"<!-- This site is optimized with the Yoast SEO plugin v21.6 - https:\/\/yoast.com\/wordpress\/plugins\/seo\/ -->\n<title>Carr\u00e9s essuie-tout et panier - Noyale-Cr\u00e9ations : Cr\u00e9ations textiles utiles, jolies et durables pour toute la famille et la maison<\/title>\n<meta name=\"robots\" content=\"index, follow, max-snippet:-1, max-image-preview:large, max-video-preview:-1\" \/>\n<link rel=\"canonical\" href=\"https:\/\/www.noyale-creations.com\/index.php\/produit\/carres-essuie-tout-et-panier\/\" \/>\n<meta property=\"og:locale\" content=\"fr_FR\" \/>\n<meta property=\"og:type\" content=\"article\" \/>\n<meta property=\"og:title\" content=\"Carr\u00e9s essuie-tout et panier - Noyale-Cr\u00e9ations : Cr\u00e9ations textiles utiles, jolies et durables pour toute la famille et la maison\" \/>\n<meta property=\"og:description\" content=\"L\u2019essuie-tout durable, aussi simple \u00e0 utiliser que le \u00ab S \u00bb. Que ce soit dans la cuisine ou la salle de bain : la table, le plan de travail, le sol, les vitres, le miroir, la vasque ou la figure du petit-dernier, ce carr\u00e9 de bambou essuie tout. &quot;J\u2019essuie, j\u2019y reste&quot; : un passage dans la machine \u00e0 laver avec votre linge habituel, et c\u2019est reparti pour un tour ! Ajouter au panier\" \/>\n<meta property=\"og:url\" content=\"https:\/\/www.noyale-creations.com\/index.php\/produit\/carres-essuie-tout-et-panier\/\" \/>\n<meta property=\"og:site_name\" content=\"Noyale-Cr\u00e9ations : Cr\u00e9ations textiles utiles, jolies et durables pour toute la famille et la maison\" \/>\n<meta property=\"article:modified_time\" content=\"2022-09-04T20:21:56+00:00\" \/>\n<meta property=\"og:image\" content=\"https:\/\/www.noyale-creations.com\/wp-content\/uploads\/2021\/05\/categorie_ET.jpg\" \/>\n\t<meta property=\"og:image:width\" content=\"1600\" \/>\n\t<meta property=\"og:image:height\" content=\"1600\" \/>\n\t<meta property=\"og:image:type\" content=\"image\/jpeg\" \/>\n<meta name=\"twitter:card\" content=\"summary_large_image\" \/>\n<meta name=\"twitter:label1\" content=\"Dur\u00e9e de lecture estim\u00e9e\" \/>\n\t<meta name=\"twitter:data1\" content=\"1 minute\" \/>\n<script type=\"application\/ld+json\" class=\"yoast-schema-graph\">{\"@context\":\"https:\/\/schema.org\",\"@graph\":[{\"@type\":\"WebPage\",\"@id\":\"https:\/\/www.noyale-creations.com\/index.php\/produit\/carres-essuie-tout-et-panier\/\",\"url\":\"https:\/\/www.noyale-creations.com\/index.php\/produit\/carres-essuie-tout-et-panier\/\",\"name\":\"Carr\u00e9s essuie-tout et panier - Noyale-Cr\u00e9ations : Cr\u00e9ations textiles utiles, jolies et durables pour toute la famille et la maison\",\"isPartOf\":{\"@id\":\"https:\/\/www.noyale-creations.com\/#website\"},\"datePublished\":\"2021-02-24T17:02:23+00:00\",\"dateModified\":\"2022-09-04T20:21:56+00:00\",\"breadcrumb\":{\"@id\":\"https:\/\/www.noyale-creations.com\/index.php\/produit\/carres-essuie-tout-et-panier\/#breadcrumb\"},\"inLanguage\":\"fr-FR\",\"potentialAction\":[{\"@type\":\"ReadAction\",\"target\":[\"https:\/\/www.noyale-creations.com\/index.php\/produit\/carres-essuie-tout-et-panier\/\"]}]},{\"@type\":\"BreadcrumbList\",\"@id\":\"https:\/\/www.noyale-creations.com\/index.php\/produit\/carres-essuie-tout-et-panier\/#breadcrumb\",\"itemListElement\":[{\"@type\":\"ListItem\",\"position\":1,\"name\":\"Accueil\",\"item\":\"https:\/\/www.noyale-creations.com\/\"},{\"@type\":\"ListItem\",\"position\":2,\"name\":\"Boutique\",\"item\":\"https:\/\/www.noyale-creations.com\/index.php\/boutique\/\"},{\"@type\":\"ListItem\",\"position\":3,\"name\":\"Carr\u00e9s essuie-tout et panier\"}]},{\"@type\":\"WebSite\",\"@id\":\"https:\/\/www.noyale-creations.com\/#website\",\"url\":\"https:\/\/www.noyale-creations.com\/\",\"name\":\"Noyale-Cr\u00e9ations : Cr\u00e9ations textiles utiles, jolies et durables pour toute la famille et la maison\",\"description\":\"Cr\u00e9ations textiles utiles, jolies et durables pour toute la famille et la maison.\",\"potentialAction\":[{\"@type\":\"SearchAction\",\"target\":{\"@type\":\"EntryPoint\",\"urlTemplate\":\"https:\/\/www.noyale-creations.com\/?s={search_term_string}\"},\"query-input\":\"required name=search_term_string\"}],\"inLanguage\":\"fr-FR\"}]}<\/script>\n<!-- \/ Yoast SEO plugin. -->","yoast_head_json":{"title":"Carr\u00e9s essuie-tout et panier - Noyale-Cr\u00e9ations : Cr\u00e9ations textiles utiles, jolies et durables pour toute la famille et la maison","robots":{"index":"index","follow":"follow","max-snippet":"max-snippet:-1","max-image-preview":"max-image-preview:large","max-video-preview":"max-video-preview:-1"},"canonical":"https:\/\/www.noyale-creations.com\/index.php\/produit\/carres-essuie-tout-et-panier\/","og_locale":"fr_FR","og_type":"article","og_title":"Carr\u00e9s essuie-tout et panier - Noyale-Cr\u00e9ations : Cr\u00e9ations textiles utiles, jolies et durables pour toute la famille et la maison","og_description":"L\u2019essuie-tout durable, aussi simple \u00e0 utiliser que le \u00ab S \u00bb. Que ce soit dans la cuisine ou la salle de bain : la table, le plan de travail, le sol, les vitres, le miroir, la vasque ou la figure du petit-dernier, ce carr\u00e9 de bambou essuie tout. \"J\u2019essuie, j\u2019y reste\" : un passage dans la machine \u00e0 laver avec votre linge habituel, et c\u2019est reparti pour un tour ! Ajouter au panier","og_url":"https:\/\/www.noyale-creations.com\/index.php\/produit\/carres-essuie-tout-et-panier\/","og_site_name":"Noyale-Cr\u00e9ations : Cr\u00e9ations textiles utiles, jolies et durables pour toute la famille et la maison","article_modified_time":"2022-09-04T20:21:56+00:00","og_image":[{"width":1600,"height":1600,"url":"https:\/\/www.noyale-creations.com\/wp-content\/uploads\/2021\/05\/categorie_ET.jpg","type":"image\/jpeg"}],"twitter_card":"summary_large_image","twitter_misc":{"Dur\u00e9e de lecture estim\u00e9e":"1 minute"},"schema":{"@context":"https:\/\/schema.org","@graph":[{"@type":"WebPage","@id":"https:\/\/www.noyale-creations.com\/index.php\/produit\/carres-essuie-tout-et-panier\/","url":"https:\/\/www.noyale-creations.com\/index.php\/produit\/carres-essuie-tout-et-panier\/","name":"Carr\u00e9s essuie-tout et panier - Noyale-Cr\u00e9ations : Cr\u00e9ations textiles utiles, jolies et durables pour toute la famille et la maison","isPartOf":{"@id":"https:\/\/www.noyale-creations.com\/#website"},"datePublished":"2021-02-24T17:02:23+00:00","dateModified":"2022-09-04T20:21:56+00:00","breadcrumb":{"@id":"https:\/\/www.noyale-creations.com\/index.php\/produit\/carres-essuie-tout-et-panier\/#breadcrumb"},"inLanguage":"fr-FR","potentialAction":[{"@type":"ReadAction","target":["https:\/\/www.noyale-creations.com\/index.php\/produit\/carres-essuie-tout-et-panier\/"]}]},{"@type":"BreadcrumbList","@id":"https:\/\/www.noyale-creations.com\/index.php\/produit\/carres-essuie-tout-et-panier\/#breadcrumb","itemListElement":[{"@type":"ListItem","position":1,"name":"Accueil","item":"https:\/\/www.noyale-creations.com\/"},{"@type":"ListItem","position":2,"name":"Boutique","item":"https:\/\/www.noyale-creations.com\/index.php\/boutique\/"},{"@type":"ListItem","position":3,"name":"Carr\u00e9s essuie-tout et panier"}]},{"@type":"WebSite","@id":"https:\/\/www.noyale-creations.com\/#website","url":"https:\/\/www.noyale-creations.com\/","name":"Noyale-Cr\u00e9ations : Cr\u00e9ations textiles utiles, jolies et durables pour toute la famille et la maison","description":"Cr\u00e9ations textiles utiles, jolies et durables pour toute la famille et la maison.","potentialAction":[{"@type":"SearchAction","target":{"@type":"EntryPoint","urlTemplate":"https:\/\/www.noyale-creations.com\/?s={search_term_string}"},"query-input":"required name=search_term_string"}],"inLanguage":"fr-FR"}]}},"jetpack_sharing_enabled":true,"_links":{"self":[{"href":"https:\/\/www.noyale-creations.com\/index.php\/wp-json\/wp\/v2\/product\/873"}],"collection":[{"href":"https:\/\/www.noyale-creations.com\/index.php\/wp-json\/wp\/v2\/product"}],"about":[{"href":"https:\/\/www.noyale-creations.com\/index.php\/wp-json\/wp\/v2\/types\/product"}],"replies":[{"embeddable":true,"href":"https:\/\/www.noyale-creations.com\/index.php\/wp-json\/wp\/v2\/comments?post=873"}],"wp:featuredmedia":[{"embeddable":true,"href":"https:\/\/www.noyale-creations.com\/index.php\/wp-json\/wp\/v2\/media\/1255"}],"wp:attachment":[{"href":"https:\/\/www.noyale-creations.com\/index.php\/wp-json\/wp\/v2\/media?parent=873"}],"wp:term":[{"taxonomy":"product_cat","embeddable":true,"href":"https:\/\/www.noyale-creations.com\/index.php\/wp-json\/wp\/v2\/product_cat?post=873"},{"taxonomy":"product_tag","embeddable":true,"href":"https:\/\/www.noyale-creations.com\/index.php\/wp-json\/wp\/v2\/product_tag?post=873"}],"curies":[{"name":"wp","href":"https:\/\/api.w.org\/{rel}","templated":true}]}}